{"id":102,"date":"2021-10-01T07:47:48","date_gmt":"2021-10-01T07:47:48","guid":{"rendered":"http:\/\/www.zsanametal.com\/?page_id=102"},"modified":"2022-06-14T08:26:21","modified_gmt":"2022-06-14T08:26:21","slug":"ginop-3-2-2-8-2-4-16-2019-01808","status":"publish","type":"page","link":"http:\/\/www.zsanametal.com\/index.php\/ginop-3-2-2-8-2-4-16-2019-01808\/","title":{"rendered":"GINOP-3.2.2-8-2-4-16-2019-01808"},"content":{"rendered":"<p><!--vcv no format--><\/p>\n<div class=\"vce-row-container\">\n<div id=\"el-834068fb\" class=\"vce-row vce-row--col-gap-30 vce-row-columns--top vce-row-content--top\" data-vce-do-apply=\"all el-834068fb\">\n<div class=\"vce-row-content\" data-vce-element-content=\"true\">\n<div id=\"el-d2b63543\" class=\"vce-col vce-col--md-16-66p vce-col--xs-1 vce-col--xs-last vce-col--xs-first vce-col--sm-last vce-col--sm-first vce-col--md-first vce-col--lg-first vce-col--xl-first\" data-vce-do-apply=\"background border el-d2b63543\">\n<div class=\"vce-col-inner\" data-vce-element-content=\"true\" data-vce-do-apply=\"padding margin  el-d2b63543\">\n<div class=\"vce-text-block\">\n<div id=\"el-6bf72796\" class=\"vce-text-block-wrapper vce\" data-vce-do-apply=\"all el-6bf72796\">\u00a0<\/div>\n<\/div>\n<\/div>\n<\/div>\n<\/div>\n<\/div>\n<\/div>\n<div id=\"el-e854c2cb\" class=\"vce-col vce-col--md-66-66p vce-col--xs-1 vce-col--xs-last vce-col--xs-first vce-col--sm-last vce-col--sm-first\" data-vce-do-apply=\"background border el-e854c2cb\">\n<div class=\"vce-col-inner\" data-vce-element-content=\"true\" data-vce-do-apply=\"padding margin  el-e854c2cb\">\n<div class=\"vce-text-block\">\n<div id=\"el-ead30907\" class=\"vce-text-block-wrapper vce\" data-vce-do-apply=\"all el-ead30907\">\n<table>\n<tbody>\n<tr>\n<td>A projekt c\u00edme:&nbsp;<strong>&nbsp;<\/strong>&nbsp;<strong>Komplex infokommunik\u00e1ci\u00f3s fejleszt\u00e9s megval\u00f3s\u00edt\u00e1sa a Zsana-Met\u00e1l Kft.-n\u00e9l<\/strong>&nbsp;<strong>Projekt azonos\u00edt\u00f3:&nbsp;<\/strong><strong>GINOP-3.2.2-8-2-4-16-2019-01808<\/strong><\/td>\n<\/tr>\n<tr>\n<td>A szerz\u0151d\u00f6tt t\u00e1mogat\u00e1s \u00f6sszege:&nbsp;<strong>23 989&nbsp;200 Ft<\/strong><\/td>\n<\/tr>\n<tr>\n<td>A t\u00e1mogat\u00e1s m\u00e9rt\u00e9ke (%-ban):&nbsp;<strong>40%<\/strong><\/td>\n<\/tr>\n<tr>\n<td>A projekt tartalm\u00e1nak bemutat\u00e1sa: P\u00e1ly\u00e1zatunk keret\u00e9ben az iWise hibrid megold\u00e1s\u00fa integr\u00e1lt v\u00e1llalatir\u00e1ny\u00edt\u00e1si rendszert szerezt\u00fck be, mellyel c\u00e9g\u00fcnk bels\u0151 m\u0171k\u00f6d\u00e9s\u00e9nek fejleszt\u00e9se val\u00f3sult meg. Fontosnak tartottuk egy olyan rendszer bevezet\u00e9s\u00e9t, amelyet saj\u00e1t ig\u00e9nyinkre, t\u00e1rsas\u00e1gunk egyedi tev\u00e9kenys\u00e9geire szabva tudunk kialak\u00edtani, hogy c\u00e9lzottan seg\u00edthesse dolgoz\u00f3ink mindennapi munk\u00e1j\u00e1t. A fejleszt\u00e9s\u00fcnk f\u0151 c\u00e9lja az volt, hogy v\u00e1llalkoz\u00e1sunk munkafolyamatait leegyszer\u0171s\u00edts\u00fck, ugyanakkor \u00e1tl\u00e1that\u00f3bb\u00e1 \u00e9s hat\u00e9konyabb\u00e1 is tegy\u00fck, mely elengedhetetlen felt\u00e9tele a versenyk\u00e9pess\u00e9g\u00fcnk \u00e9s folyamatos fejl\u0151d\u00e9s\u00fcnk biztos\u00edt\u00e1s\u00e1nak. Az egyes tev\u00e9kenys\u00e9geink \u00e1ttekinthet\u0151 rendszerben val\u00f3 megjelen\u00edt\u00e9se \u00e9s kezel\u00e9se seg\u00edts\u00e9get ny\u00fajt \u00fczleti d\u00f6nt\u00e9seink meghozatal\u00e1ban, az innovat\u00edv \u00fczleti megold\u00e1sok alkalmaz\u00e1s\u00e1ban. A fejleszt\u00e9ssel az iWise rendszer 12 db modulj\u00e1nak bevezet\u00e9s\u00e9t val\u00f3s\u00edtottuk meg, melyek az al\u00e1bbi funkcion\u00e1lis ter\u00fcletekre f\u00f3kusz\u00e1lnak: &nbsp; A felh\u0151alap\u00fa szolg\u00e1ltat\u00e1sok eset\u00e9n: Hum\u00e1n er\u0151forr\u00e1s menedzsment \u00e9s b\u00e9rsz\u00e1mfejt\u00e9s funkcion\u00e1lis specifik\u00e1ci\u00f3T\u00e1v- \u00e9s csoportmunka t\u00e1mogat\u00e1s funkcion\u00e1lis specifik\u00e1ci\u00f3 Szolg\u00e1ltat\u00e1smenedzsment ter\u00fclet funkcion\u00e1lis specifik\u00e1ci\u00f3 Tud\u00e1smenedzsment specializ\u00e1lt megold\u00e1s funkcion\u00e1lis specifik\u00e1ci\u00f3 &nbsp; Az&nbsp;<strong>iWise Cloud22<\/strong>&nbsp;<strong>Munka\u00fcgy<\/strong>&nbsp;modul (HR) f\u0151 feladata a c\u00e9g munkav\u00e1llal\u00f3ival kapcsolatos HR adminisztr\u00e1ci\u00f3s feladatok id\u0151ig\u00e9ny\u00e9nek cs\u00f6kkent\u00e9se, az adatok egys\u00e9ges rendszerben val\u00f3 kezel\u00e9se, a k\u00f6nnyebb \u00e1tl\u00e1that\u00f3s\u00e1g biztos\u00edt\u00e1sa. Az&nbsp;<strong>iWise Cloud22<\/strong>&nbsp;<strong>T\u00e1v- \u00e9s csoportmunka<\/strong>&nbsp;modul a v\u00e1llalaton bel\u00fcli hat\u00e9kony inform\u00e1ci\u00f3\u00e1raml\u00e1st \u00e9s a hibakezel\u00e9s optimaliz\u00e1l\u00e1s\u00e1t t\u00e1mogatja. Az&nbsp;<strong>i<\/strong><strong>Wise Cloud22<\/strong>&nbsp;<strong>Szolg\u00e1ltat\u00e1smenedzsment<\/strong>&nbsp;modul seg\u00edts\u00e9g\u00e9vel megval\u00f3s\u00edthat\u00f3 a v\u00e1llalat szolg\u00e1ltat\u00e1sainak menedzsel\u00e9se, mely \u00e1ltal lehet\u0151v\u00e9 v\u00e1lik a szolg\u00e1ltat\u00e1si strat\u00e9gia alkalmaz\u00e1sa, a szolg\u00e1ltat\u00e1s tervez\u00e9se \u00e9s a szolg\u00e1ltat\u00e1s\u00e1tad\u00e1s. A v\u00e1llalati tud\u00e1sb\u00e1zis b\u0151v\u00edthet\u0151 az&nbsp;<strong>iWise Cloud22 Tud\u00e1smenedzsment<\/strong>&nbsp;modul haszn\u00e1lat\u00e1val, ahol egys\u00e9ges rendszerben kezelhet\u0151k a k\u00fcl\u00f6nb\u00f6z\u0151 k\u00f6z\u00e9rdek\u0171 dokumentumok, seg\u00e9d- \u00e9s oktat\u00e1si anyagok, munka- \u00e9s t\u0171zv\u00e9delemmel kapcsolatos inform\u00e1ci\u00f3k. &nbsp; A helyben telep\u00edtett saj\u00e1t szoftver eset\u00e9n: Gy\u00e1rt\u00e1si ter\u00fclet funkcion\u00e1lis specifik\u00e1ci\u00f3 Adott funkcion\u00e1lis c\u00e9lter\u00fclethez kapcsol\u00f3d\u00f3 mobil technik\u00e1t haszn\u00e1l\u00f3 rendszer funkcion\u00e1lis specifik\u00e1ci\u00f3 V\u00e1llalati CRM, \u00e9rt\u00e9kes\u00edt\u00e9si ter\u00fclet funkcion\u00e1lis specifik\u00e1ci\u00f3Kontrolling \u00e9s d\u00f6nt\u00e9st\u00e1mogat\u00e1s funkcion\u00e1lis specifik\u00e1ci\u00f3Beszerz\u00e9si, logisztikai ter\u00fclet funkcion\u00e1lis specifik\u00e1ci\u00f3P\u00e9nz\u00fcgyi, sz\u00e1mviteli ter\u00fclet funkcion\u00e1lis specifik\u00e1ci\u00f3Munkafolyamat-ir\u00e1ny\u00edt\u00e1si megold\u00e1s (WF) funkcion\u00e1lis specifik\u00e1ci\u00f3Elektronikus iratkezel\u00e9si megold\u00e1s funkcion\u00e1lis specifik\u00e1ci\u00f3 &nbsp; Az&nbsp;<strong>iWise<\/strong>&nbsp;<strong>Gy\u00e1rt\u00e1s&nbsp;<\/strong>modul a saj\u00e1t term\u00e9kek gy\u00e1rt\u00e1si folyamat\u00e1hoz, annak be\u00fctemez\u00e9s\u00e9hez, a keletkezett mell\u00e9kterm\u00e9kek, illetve a sz\u00fcks\u00e9ges alapanyagok haszn\u00e1latba v\u00e9tel\u00e9hez, beszerz\u00e9s\u00e9hez ny\u00fajt seg\u00edts\u00e9get. Az&nbsp;<strong>iWise mobil ERP&nbsp;<\/strong>applik\u00e1ci\u00f3 Android oper\u00e1ci\u00f3s rendszerre lehet\u0151v\u00e9 teszi a Felhaszn\u00e1l\u00f3k r\u00e9sz\u00e9re, hogy b\u00e1rmikor, b\u00e1rhonnan k\u00f6nnyed\u00e9n hozz\u00e1f\u00e9rjenek az iWise rendszerhez. Az&nbsp;<strong>iWise CRM&nbsp;<\/strong>modul a partnerekkel val\u00f3 kapcsolattart\u00e1st, \u00e1raj\u00e1nlatok egyszer\u0171 elk\u00e9sz\u00edt\u00e9s\u00e9t, vev\u0151i rendel\u00e9sek kezel\u00e9s\u00e9t, \u00e9rt\u00e9kes\u00edt\u00e9si folyamat t\u00e1mogat\u00e1s\u00e1t biztos\u00edtja. Az&nbsp;<strong>iWise Kontrolling<\/strong>&nbsp;modul elk\u00e9sz\u00edti a v\u00e1llalat gazdas\u00e1gi helyzet\u00e9nek elemz\u00e9s\u00e9hez sz\u00fcks\u00e9ges mutat\u00f3kat, seg\u00edt a rendelkez\u00e9sre \u00e1ll\u00f3 vagy megszerezhet\u0151 er\u0151forr\u00e1sok hat\u00e9kony \u00e9s eredm\u00e9nyes felhaszn\u00e1l\u00e1s\u00e1ban, naprak\u00e9sz inform\u00e1ci\u00f3kat biztos\u00edt. Az&nbsp;<strong>iWise Logisztika<\/strong>&nbsp;modul seg\u00edt az komplex logisztikai folyamatot alkot\u00f3 r\u00e9szfeladatok pontos megtervez\u00e9s\u00e9ben majd egy folyamatt\u00e1 val\u00f3 integr\u00e1l\u00e1s\u00e1ban, a k\u00f6lts\u00e9ghat\u00e9konys\u00e1g figyelembev\u00e9tel\u00e9vel. Az&nbsp;<strong>iWise P\u00e9nz\u00fcgy<\/strong>&nbsp;modul amellett, hogy hasznos seg\u00edts\u00e9get ny\u00fajt a kett\u0151s k\u00f6nyvvitelt vezet\u0151 v\u00e1llalkoz\u00e1sok nyilv\u00e1ntart\u00e1sainak kezel\u00e9s\u00e9ben, sz\u00e1mos olyan funkci\u00f3val rendelkezik, amely automatikus adatr\u00f6gz\u00edt\u00e9st tesz lehet\u0151v\u00e9, ezzel megk\u00f6nny\u00edtve a munkafolyamatokat. Az&nbsp;<strong>iWise WorkFlow<\/strong>&nbsp;integr\u00e1lt modul alkalmaz\u00e1s\u00e1val megtervezhet\u0151v\u00e9, automatiz\u00e1lhat\u00f3v\u00e1, illetve nyomon k\u00f6vethet\u0151v\u00e9 v\u00e1lnak a munkafolyamatok. &nbsp;Az&nbsp;<strong>iWise Iratkezel\u00e9s<\/strong>&nbsp;modul a m\u0171k\u00f6d\u00e9s sor\u00e1n keletkez\u0151 bizonylatok, dokumentumok, szerz\u0151d\u00e9sek egys\u00e9ges, \u00e1tl\u00e1that\u00f3 rendszerben val\u00f3 nyilv\u00e1ntart\u00e1s\u00e1t teszi lehet\u0151v\u00e9. &nbsp; A rendszer ki\u00e9p\u00edt\u00e9se a kivitelez\u0151 feladata, melyet szolg\u00e1ltat\u00e1sok keret\u00e9ben vett\u00fcnk ig\u00e9nybe, mely tartalmazza a modulokhoz kapcsol\u00f3d\u00f3 adatmigr\u00e1ci\u00f3t, azok testreszab\u00e1s\u00e1t \u00e9s a rendszerhez kapcsol\u00f3d\u00f3 oktat\u00e1st. &nbsp; Projekt\u00fcnk megval\u00f3s\u00edt\u00e1sa sor\u00e1n eleget tesz\u00fcnk az el\u0151\u00edrt t\u00e1j\u00e9koztat\u00e1si k\u00f6telezetts\u00e9geknek (a honlapunkon a projekthez kapcsol\u00f3d\u00f3 t\u00e1j\u00e9koztat\u00f3 megjelen\u00edt\u00e9se \u00e9s \u201eC\u201d t\u00edpus\u00fa t\u00e1bla k\u00e9sz\u00edt\u00e9se) is. &nbsp; A projekt befejez\u00e9si d\u00e1tuma:&nbsp;<strong>2022.05.31.<\/strong>&nbsp;Projekt azonos\u00edt\u00f3 sz\u00e1ma:&nbsp;<strong>GINOP-3.2.2-8-2-4-16-2019-01808<\/strong><\/td>\n<\/tr>\n<\/tbody>\n<\/table>\n<p>Typography is the art and technique of arranging type to make written language legible, readable and appealing when displayed. The arrangement of type involves selecting typefaces, point size, line length, line-spacing (leading), letter-spacing (tracking), and adjusting the space within letters pairs (kerning).<\/p>\n<\/div>\n<\/div>\n<\/div>\n<\/div>\n<div id=\"el-bf651269\" class=\"vce-col vce-col--md-16-66p vce-col--xs-1 vce-col--xs-last vce-col--xs-first vce-col--sm-last vce-col--sm-first vce-col--md-last vce-col--lg-last vce-col--xl-last\" data-vce-do-apply=\"background border el-bf651269\">\n<div class=\"vce-col-inner\" data-vce-element-content=\"true\" data-vce-do-apply=\"padding margin  el-bf651269\">\n<div class=\"vce-single-image-container vce-single-image--align-left\">\n<div id=\"el-cd74db27\" class=\"vce vce-single-image-wrapper\" data-vce-do-apply=\"all el-cd74db27\">\n<figure>\n<div class=\"vce-single-image-inner\"><img decoding=\"async\" class=\"vce-single-image\" title=\"logo_ERFA_2\" src=\"http:\/\/www.zsanametal.com\/wp-content\/uploads\/2021\/10\/logo_ERFA_2-1024x707.jpg\" alt=\"\" data-width=\"1024\" data-height=\"707\" data-img-src=\"http:\/\/www.zsanametal.com\/wp-content\/uploads\/2021\/10\/logo_ERFA_2.jpg\"><\/div>\n<\/figure>\n<\/div>\n<\/div>\n<\/div>\n<\/div>\n<div class=\"vce-row-container\">\n<div id=\"el-fd35eceb\" class=\"vce-row vce-row--col-gap-30 vce-row-columns--top vce-row-content--top\" data-vce-do-apply=\"all el-fd35eceb\">\n<div class=\"vce-row-content\" data-vce-element-content=\"true\">\n<div id=\"el-6251bfbe\" class=\"vce-col vce-col--md-100p vce-col--xs-1 vce-col--xs-last vce-col--xs-first vce-col--sm-last vce-col--sm-first vce-col--md-last vce-col--lg-last vce-col--xl-last vce-col--md-first vce-col--lg-first vce-col--xl-first\" data-vce-do-apply=\"background border el-6251bfbe\">\n<div class=\"vce-col-inner\" data-vce-element-content=\"true\" data-vce-do-apply=\"padding margin  el-6251bfbe\">&nbsp;<\/div>\n<\/div>\n<\/div>\n<\/div>\n<\/div>\n<div class=\"vce-row-container\">\n<div id=\"el-3d3278e3\" class=\"vce-row vce-row--col-gap-30 vce-row-columns--top vce-row-content--top\" data-vce-do-apply=\"all el-3d3278e3\">\n<div class=\"vce-row-content\" data-vce-element-content=\"true\">\n<div id=\"el-e51ba405\" class=\"vce-col vce-col--md-100p vce-col--xs-1 vce-col--xs-last vce-col--xs-first vce-col--sm-last vce-col--sm-first vce-col--md-last vce-col--lg-last vce-col--xl-last vce-col--md-first vce-col--lg-first vce-col--xl-first\" data-vce-do-apply=\"background border el-e51ba405\">\n<div class=\"vce-col-inner\" data-vce-element-content=\"true\" data-vce-do-apply=\"padding margin  el-e51ba405\">&nbsp;<\/div>\n<\/div>\n<\/div>\n<\/div>\n<\/div>\n<p><iframe style=\"width: 0px; height: 0px; border: none;\" name=\"sub\" width=\"0\" height=\"0\"><\/iframe> <iframe style=\"width: 0px; height: 0px; border: none;\" name=\"sub\" width=\"0\" height=\"0\"><\/iframe><\/p>\n<div style=\"position: fixed; z-index: 1000000; padding: 5px; right: 10px; bottom: 0px; width: 200px; background-color: rgba(255, 255, 255, 0.6); font-size: 12px; text-align: center;\">\n<p><a style=\"color: #164194;\" href=\"http:\/\/www.zsanametal.com\/index.php\/ginop-3-2-2-8-2-4-16-2019-01808\/&lt;\/a&gt;&lt;\/strong&gt;&lt;\/span&gt;&lt;br \/&gt; &lt;span style=\"><img decoding=\"async\" loading=\"lazy\" class=\"alignleft size-full wp-image-40\" src=\"http:\/\/www.zsanametal.com\/wp-content\/uploads\/2018\/10\/2020.png\" alt=\"\" width=\"234\" height=\"162\" \/><br \/>\n<\/a><strong>Kapacit\u00e1sb\u0151v\u00edt\u0151 beruh\u00e1z\u00e1s a Zsana-Met\u00e1l Kft.-n\u00e9l<\/strong><br \/>\n<a href=\"http:\/\/www.zsanametal.com\/index.php\/ginop_plusz-1-2-1-21-2021-04352\/\" target=\"_blank\" rel=\"noopener\">GINOP_PLUSZ-1.2.1-21-2021-04352<\/a><\/p>\n<\/div>\n<p><iframe style=\"width: 0px; height: 0px; border: none;\" name=\"sub\" width=\"0\" height=\"0\"><\/iframe><\/p>\n","protected":false},"excerpt":{"rendered":"<p>\u00a0 A projekt c\u00edme:&nbsp;&nbsp;&nbsp;Komplex infokommunik\u00e1ci\u00f3s fejleszt\u00e9s megval\u00f3s\u00edt\u00e1sa a Zsana-Met\u00e1l Kft.-n\u00e9l&nbsp;Projekt [&hellip;]<\/p>\n","protected":false},"author":1,"featured_media":0,"parent":0,"menu_order":0,"comment_status":"closed","ping_status":"closed","template":"","meta":{"footnotes":""},"_links":{"self":[{"href":"http:\/\/www.zsanametal.com\/index.php\/wp-json\/wp\/v2\/pages\/102"}],"collection":[{"href":"http:\/\/www.zsanametal.com\/index.php\/wp-json\/wp\/v2\/pages"}],"about":[{"href":"http:\/\/www.zsanametal.com\/index.php\/wp-json\/wp\/v2\/types\/page"}],"author":[{"embeddable":true,"href":"http:\/\/www.zsanametal.com\/index.php\/wp-json\/wp\/v2\/users\/1"}],"replies":[{"embeddable":true,"href":"http:\/\/www.zsanametal.com\/index.php\/wp-json\/wp\/v2\/comments?post=102"}],"version-history":[{"count":10,"href":"http:\/\/www.zsanametal.com\/index.php\/wp-json\/wp\/v2\/pages\/102\/revisions"}],"predecessor-version":[{"id":208,"href":"http:\/\/www.zsanametal.com\/index.php\/wp-json\/wp\/v2\/pages\/102\/revisions\/208"}],"wp:attachment":[{"href":"http:\/\/www.zsanametal.com\/index.php\/wp-json\/wp\/v2\/media?parent=102"}],"curies":[{"name":"wp","href":"https:\/\/api.w.org\/{rel}","templated":true}]}}