{"id":193,"date":"2022-06-14T07:27:36","date_gmt":"2022-06-14T07:27:36","guid":{"rendered":"http:\/\/www.zsanametal.com\/?page_id=193"},"modified":"2023-11-02T12:59:58","modified_gmt":"2023-11-02T12:59:58","slug":"ginop_plusz-1-2-1-21-2021-04352","status":"publish","type":"page","link":"http:\/\/www.zsanametal.com\/index.php\/ginop_plusz-1-2-1-21-2021-04352\/","title":{"rendered":"GINOP_PLUSZ-1.2.1-21-2021-04352"},"content":{"rendered":"<p><strong>GINOP_PLUSZ-1.2.1-21-2021-04352<\/strong><\/p>\n<p>kedvezm\u00e9nyezett neve: <strong>Zsana-Met\u00e1l Korl\u00e1tolt Felel\u0151ss\u00e9g\u0171 T\u00e1rsas\u00e1g<\/strong><br \/>\nprojekt c\u00edme: <strong>Kapacit\u00e1sb\u0151v\u00edt\u0151 beruh\u00e1z\u00e1s a Zsana-Met\u00e1l Kft.-n\u00e9l<\/strong><br \/>\nszerz\u0151d\u00f6tt t\u00e1mogat\u00e1s \u00f6sszege <strong>206 960 051 Ft<\/strong><br \/>\nt\u00e1mogat\u00e1s m\u00e9rt\u00e9ke (%-ban): <strong>70%<\/strong><br \/>\nprojekt r\u00e9szletes bemutat\u00e1sa:<\/p>\n<p>Saj\u00e1t szerv\u00edz \u00e9s aut\u00f3mos\u00f3 kialak\u00edt\u00e1sa (fel\u00e9p\u00edt\u00e9s \u00e9s eszk\u00f6zpark megv\u00e1s\u00e1rl\u00e1sa):<\/p>\n<ul>\n<li>a saj\u00e1t tulajdon\u00fa lak\u00f3aut\u00f3k karbantart\u00e1sa<\/li>\n<li>az ipari parkban \u00e9s a k\u00f6rny\u00e9k\u00e9n dolgoz\u00f3k, valamint a telep\u00fcl\u00e9s vonz\u00e1sk\u00f6rzet\u00e9ben \u00e9l\u0151k szem\u00e9lyg\u00e9pj\u00e1rm\u0171veinek szerv\u00edzel\u00e9se \u00e9s mos\u00e1sa<\/li>\n<li>az ipartelepen haszn\u00e1lt anyagmozgat\u00f3 \u00e9s ipari tiszt\u00edt\u00f3 g\u00e9ppark jav\u00edt\u00e1sa<\/li>\n<li>a c\u00e9g alaptev\u00e9kenys\u00e9g\u00e9ne<\/li>\n<\/ul>\n<p>A technol\u00f3giai fejleszt\u00e9s sor\u00e1n az al\u00e1bbi, szerv\u00edzel\u00e9si \u00e9s hegeszt\u00e9si munk\u00e1khoz kapcsol\u00f3d\u00f3 eszk\u00f6z\u00f6k beszerz\u00e9se val\u00f3sul meg:<\/p>\n<ul>\n<li>BKF SElf Wash 3 \u00e1ll\u00e1sos, kont\u00e9neres kivitel\u0171 \u00f6nkiszolg\u00e1l\u00f3 aut\u00f3mos\u00f3<\/li>\n<li>79541648 PI 350 DC H Water TIG Ergo 321 4m<\/li>\n<li>Sigma Select 550 S-V Graphic Synergic MV 500 FKS TWIST 3m<\/li>\n<li>Sz\u00e1razj\u00e9g porzs\u00edv\u00f3 IB 7\/40<\/li>\n<li>Comac Optima 90S ipari hengerkef\u00e9s automata padl\u00f3s\u00farol\u00f3 \/ Industri\u00e1l CM Kft<\/li>\n<li>GENrE Z-45l251 DC csukl\u00f3s-teleszk\u00f3pos emel\u0151<\/li>\n<li>M\u0171helypr\u00e9s<\/li>\n<li>Ker\u00e9kszerel\u0151 g\u00e9p<\/li>\n<li>Dugatty\u00fas l\u00e9gkompresszor, 200L\/400V\/3kW, WURT9D300005<\/li>\n<li>Beta C56 Munkapad<\/li>\n<li>Beta C45\/BW M\u0171helyberendez\u00e9s \u00f6ssze\u00e1ll\u00edt\u00e1s<\/li>\n<li>Beta 1852R1750 Hordozhat\u00f3s indukci\u00f3s hev\u00edt\u0151 k\u00e9sz\u00fcl\u00e9k<\/li>\n<\/ul>\n<p>A m\u0171helycsarnok mellett meg\u00e9p\u00fcl egy 132 m2 alapter\u00fclet\u0171 fedett \u00e9s oldalfalakkal ell\u00e1tott sz\u00edn, amibe telep\u00edteni fogjuk az aut\u00f3mos\u00f3 berendez\u00e9st, el\u00f6l-h\u00e1tul szabad be\u00e1ll\u00edt\u00e1st biztos\u00edtva a g\u00e9pj\u00e1rm\u0171veknek. Ezen fel\u00fcl 2669,34 m2 \u00fatburkolat ker\u00fcl ki\u00e9p\u00edt\u00e9sre, ami a k\u00f6zleked\u00e9shez \u00e9s a parkol\u00f3khoz sz\u00fcks\u00e9ges (3 db parkol\u00f3 4 x 20 m). A burkolat az \u00e9p\u00fcletek k\u00f6z\u00f6tti g\u00e9pj\u00e1rm\u0171 k\u00f6zleked\u00e9s miatt ker\u00fcl meg\u00e9p\u00edt\u00e9sre. Karakter hi\u00e1ny miatt az \u00fatburkolat tov\u00e1bbi le\u00edr\u00e1sa, a hi\u00e1nyp\u00f3tl\u00e1s nyilatkozat\u00e1ban tal\u00e1lhat\u00f3.<\/p>\n<p>2. Tan\u00e1csad\u00e1si \u00e9s k\u00e9pz\u00e9si szolg\u00e1ltat\u00e1s ig\u00e9nybev\u00e9tele<\/p>\n<ul>\n<li>Strat\u00e9giai \u00e9s \u00fczleti tervez\u00e9s,<\/li>\n<li>Szervezeti strukt\u00fara \u00e9s tev\u00e9kenys\u00e9gek \/ folyamatok optimaliz\u00e1l\u00e1sa c\u00e9lj\u00e1b\u00f3l<\/li>\n<li>Kommunik\u00e1ci\u00f3s k\u00e9pz\u00e9s a szervezeti hat\u00e9konys\u00e1g n\u00f6vel\u00e9se c\u00e9lj\u00e1b\u00f3l<\/li>\n<\/ul>\n<p>Eszk\u00f6zfejleszt\u00e9si projekt\u00fcnkkel szoros \u00f6sszef\u00fcgg\u00e9sben az\u00e9rt d\u00f6nt\u00f6tt\u00fcnk a tan\u00e1csad\u00e1s ig\u00e9nybev\u00e9tele mellett, mert az \u00faj piaci szegmensek felkutat\u00e1sa, a b\u0151v\u00fcl\u00e9s lehet\u0151s\u00e9geinek megismer\u00e9se alapvet\u0151 c\u00e9lunk. A lefolytat\u00e1sra ker\u00fcl\u0151 SWOT anal\u00edzis m\u0171k\u00f6d\u00e9s\u00fcnk valamennyi aspektus\u00e1t le fogja fedni, ez\u00e1ltal er\u0151forr\u00e1saink fejleszt\u00e9s\u00e9hez, szervezeti racionaliz\u00e1l\u00e1si mechanizmusok elind\u00edt\u00e1s\u00e1hoz kapunk f\u00fcggetlen szak\u00e9rt\u0151i v\u00e9lem\u00e9nyt. A vev\u0151i el\u00e9gedetts\u00e9g-vizsg\u00e1lat eredm\u00e9nyeit\u0151l v\u00e1rjuk, hogy pontosan k\u00f6r\u00fcl\u00edrt, c\u00e9lokra \u00e9s r\u00e9szc\u00e9lokra bontott strat\u00e9giai tervet, megval\u00f3s\u00edthat\u00f3 konkr\u00e9t cselekv\u00e9seket rendelhess\u00fcnk az eredm\u00e9nyekhez, m\u00e9rf\u00f6ldk\u00f6vekkel, felel\u0151s\u00f6k kijel\u00f6l\u00e9s\u00e9vel.<\/p>\n<p>B\u00edzunk benne, hogy a k\u00fcls\u0151 szaktan\u00e1csad\u00f3i szemmel \u00e1ttekint\u00e9sre ker\u00fcl\u0151 folyamataink, m\u0171k\u00f6d\u00e9si k\u00f6rnyezet\u00fcnk pozit\u00edv \u00e9s negat\u00edv aspektusai j\u00f3 kiindul\u00e1si alapot teremtenek egy konkr\u00e9t strat\u00e9gia \u00e9s azon bel\u00fcl koncepcion\u00e1lis terv megfogalmaz\u00e1s\u00e1hoz.<\/p>\n<p>a projekt tervezett befejez\u00e9si d\u00e1tuma : <strong>2023.10.04<\/strong><\/p>\n<p>projekt azonos\u00edt\u00f3 sz\u00e1ma: GINOP_PLUSZ-1.2.1-21-2021-04352<\/p>\n<p><iframe style=\"width: 0px; height: 0px; border: none;\" name=\"sub\" width=\"0\" height=\"0\"><\/iframe> <iframe style=\"width: 0px; height: 0px; border: none;\" name=\"sub\" width=\"0\" height=\"0\"><\/iframe><\/p>\n<div style=\"position: fixed; z-index: 1000000; padding: 5px; right: 10px; bottom: 0px; width: 200px; background-color: rgba(255, 255, 255, 0.6); font-size: 12px; text-align: center;\">\n<p><a style=\"color: #164194;\" href=\"http:\/\/www.zsanametal.com\/index.php\/ginop-3-2-2-8-2-4-16-2019-01808\/&lt;\/a&gt;&lt;\/strong&gt;&lt;\/span&gt;&lt;br \/&gt; &lt;span style=\"><img decoding=\"async\" loading=\"lazy\" class=\"alignleft size-full wp-image-40\" src=\"http:\/\/www.zsanametal.com\/wp-content\/uploads\/2018\/10\/2020.png\" alt=\"\" width=\"234\" height=\"162\" \/><br \/>\n<\/a><strong>Kapacit\u00e1sb\u0151v\u00edt\u0151 beruh\u00e1z\u00e1s a Zsana-Met\u00e1l Kft.-n\u00e9l<\/strong><br \/>\n<a href=\"http:\/\/www.zsanametal.com\/index.php\/ginop_plusz-1-2-1-21-2021-04352\/\" target=\"_blank\" rel=\"noopener\">GINOP_PLUSZ-1.2.1-21-2021-04352<\/a><\/p>\n<\/div>\n<p><iframe style=\"width: 0px; height: 0px; border: none;\" name=\"sub\" width=\"0\" height=\"0\"><\/iframe><\/p>\n","protected":false},"excerpt":{"rendered":"<p>GINOP_PLUSZ-1.2.1-21-2021-04352 kedvezm\u00e9nyezett neve: Zsana-Met\u00e1l Korl\u00e1tolt Felel\u0151ss\u00e9g\u0171 T\u00e1rsas\u00e1g projekt c\u00edme: Kapacit\u00e1sb\u0151v\u00edt\u0151 [&hellip;]<\/p>\n","protected":false},"author":1,"featured_media":0,"parent":0,"menu_order":0,"comment_status":"closed","ping_status":"closed","template":"","meta":{"footnotes":""},"_links":{"self":[{"href":"http:\/\/www.zsanametal.com\/index.php\/wp-json\/wp\/v2\/pages\/193"}],"collection":[{"href":"http:\/\/www.zsanametal.com\/index.php\/wp-json\/wp\/v2\/pages"}],"about":[{"href":"http:\/\/www.zsanametal.com\/index.php\/wp-json\/wp\/v2\/types\/page"}],"author":[{"embeddable":true,"href":"http:\/\/www.zsanametal.com\/index.php\/wp-json\/wp\/v2\/users\/1"}],"replies":[{"embeddable":true,"href":"http:\/\/www.zsanametal.com\/index.php\/wp-json\/wp\/v2\/comments?post=193"}],"version-history":[{"count":7,"href":"http:\/\/www.zsanametal.com\/index.php\/wp-json\/wp\/v2\/pages\/193\/revisions"}],"predecessor-version":[{"id":245,"href":"http:\/\/www.zsanametal.com\/index.php\/wp-json\/wp\/v2\/pages\/193\/revisions\/245"}],"wp:attachment":[{"href":"http:\/\/www.zsanametal.com\/index.php\/wp-json\/wp\/v2\/media?parent=193"}],"curies":[{"name":"wp","href":"https:\/\/api.w.org\/{rel}","templated":true}]}}