{"id":220,"date":"2023-08-29T10:21:53","date_gmt":"2023-08-29T10:21:53","guid":{"rendered":"http:\/\/www.zsanametal.com\/?page_id=220"},"modified":"2023-11-02T13:08:10","modified_gmt":"2023-11-02T13:08:10","slug":"ginop-1-2-16-22-2023-04352","status":"publish","type":"page","link":"http:\/\/www.zsanametal.com\/index.php\/sajtokozlemenyek\/ginop-1-2-16-22-2023-04352\/","title":{"rendered":"GINOP-1.2.16-22-2023-04352"},"content":{"rendered":"<p><strong>Sajt\u00f3k\u00f6zlem\u00e9ny<\/strong><\/p>\n<p><strong>Kapacit\u00e1sb\u0151v\u00edt\u0151 beruh\u00e1z\u00e1s a Zsana-Met\u00e1l Kft.-n\u00e9l<\/strong><\/p>\n<p><strong>2023\/07\/31<\/strong><\/p>\n<p>A beruh\u00e1z\u00e1s c\u00e9lja a v\u00e1llalkoz\u00e1s tev\u00e9kenys\u00e9gi k\u00f6r\u00e9nek b\u0151v\u00edt\u00e9se, fejleszt\u00e9se volt. A projekt keret\u00e9ben meg\u00e9p\u00edt\u00e9sre ker\u00fclt egy h\u00e1rom \u00e1ll\u00e1sos \u00f6nkiszolg\u00e1l\u00f3 aut\u00f3mos\u00f3, valamint egy m\u0171helycsarnok, ami alkalmas lesz szem\u00e9lyg\u00e9pj\u00e1rm\u0171vek szervizel\u00e9s\u00e9re. A magas min\u0151s\u00e9g\u0171 szervizel\u00e9st seg\u00edti a beszerzett ker\u00e9kcent\u00edroz\u00f3, hidro-pneumatikus aknaperememel\u0151, csukl\u00f3s-teleszk\u00f3pos emel\u0151, ker\u00e9kszerel\u0151g\u00e9p, valamint l\u00e9gkompresszor is. A megval\u00f3s\u00edt\u00e1shoz jelent\u0151s infrastruktur\u00e1lis \u00e9s ingatlan beruh\u00e1z\u00e1s volt sz\u00fcks\u00e9ges. Ki\u00e9p\u00edt\u00e9sre ker\u00fclt t\u00f6bb, mint 2600 m2 \u00fatburkolat, egy 132 m2 alapter\u00fclet\u0171 fedett aut\u00f3mos\u00f3, valamint egy 281 m2 alapter\u00fclet\u0171 m\u0171helycsarnok.<\/p>\n<p>A v\u00e1llalkoz\u00e1s az eur\u00f3pai uni\u00f3s t\u00e1mogat\u00e1s seg\u00edts\u00e9g\u00e9vel sz\u00e9les\u00edteni tudta a szolg\u00e1ltat\u00e1si k\u00f6r\u00e9t. Ezzel b\u0151v\u00fcl\u0151 \u00fcgyf\u00e9lk\u00f6rre tett szert, valamint eddig k\u00fcls\u0151s szolg\u00e1ltat\u00f3k \u00e1ltal v\u00e9gzett tev\u00e9kenys\u00e9geket m\u00e1r h\u00e1zon bel\u00fcl k\u00e9pes elv\u00e9gezni, ezzel jelent\u0151sen cs\u00f6kkentve a k\u00f6lts\u00e9geket.<\/p>\n<p>A fejleszt\u00e9snek k\u00f6sz\u00f6nhet\u0151en megny\u00edl\u00f3 \u00faj lehet\u0151s\u00e9geket szeretn\u00e9 min\u00e9l jobban kihaszn\u00e1lni a v\u00e1llalkoz\u00e1s, ez\u00e9rt ig\u00e9nybe vett szak\u00e9rt\u0151i tan\u00e1csad\u00e1st is (strat\u00e9giai \u00e9s \u00fczleti tervez\u00e9s, szervezeti strukt\u00fara \u00e9s folyamatok optimaliz\u00e1l\u00e1sa). A tan\u00e1csad\u00e1sok eredm\u00e9nyek\u00e9nt a Zsana-Met\u00e1l Kft. k\u00e9pess\u00e9 v\u00e1lt tudatosan alak\u00edtani az \u00fczleti strat\u00e9gi\u00e1j\u00e1t, szervezeti strukt\u00far\u00e1j\u00e1t. A folyamatok optimaliz\u00e1l\u00e1s\u00e1val m\u00e1r r\u00f6vid t\u00e1von is jelent\u0151s hat\u00e9konys\u00e1g n\u00f6veked\u00e9s, ez\u00e1ltal fajlagos k\u00f6lts\u00e9g cs\u00f6kken\u00e9s v\u00e1rhat\u00f3, ami elengedhetetlen a hossz\u00fa t\u00e1v\u00fa eredm\u00e9nyes m\u0171k\u00f6d\u00e9s szempontj\u00e1b\u00f3l.<\/p>\n<p>A projekt megval\u00f3s\u00edt\u00e1si helysz\u00edne: 3358 Erd\u0151telek, 0347\/14 hrsz.<\/p>\n<p>A projekt befejez\u00e9si d\u00e1tuma: <strong>2023.10.04<\/strong><\/p>\n<p>A projekt azonos\u00edt\u00f3 sz\u00e1ma: GINOP-1.2.16-22-2023-04352<\/p>\n<p><strong>Tov\u00e1bbi inform\u00e1ci\u00f3 k\u00e9rhet\u0151:<\/strong><\/p>\n<p>Bozsik-P\u00f3k Edina<\/p>\n<p>+3620\/313-3499<\/p>\n","protected":false},"excerpt":{"rendered":"<p>Sajt\u00f3k\u00f6zlem\u00e9ny Kapacit\u00e1sb\u0151v\u00edt\u0151 beruh\u00e1z\u00e1s a Zsana-Met\u00e1l Kft.-n\u00e9l 2023\/07\/31 A beruh\u00e1z\u00e1s c\u00e9lja [&hellip;]<\/p>\n","protected":false},"author":1,"featured_media":0,"parent":224,"menu_order":1,"comment_status":"closed","ping_status":"closed","template":"side-navigation.php","meta":{"footnotes":""},"_links":{"self":[{"href":"http:\/\/www.zsanametal.com\/index.php\/wp-json\/wp\/v2\/pages\/220"}],"collection":[{"href":"http:\/\/www.zsanametal.com\/index.php\/wp-json\/wp\/v2\/pages"}],"about":[{"href":"http:\/\/www.zsanametal.com\/index.php\/wp-json\/wp\/v2\/types\/page"}],"author":[{"embeddable":true,"href":"http:\/\/www.zsanametal.com\/index.php\/wp-json\/wp\/v2\/users\/1"}],"replies":[{"embeddable":true,"href":"http:\/\/www.zsanametal.com\/index.php\/wp-json\/wp\/v2\/comments?post=220"}],"version-history":[{"count":3,"href":"http:\/\/www.zsanametal.com\/index.php\/wp-json\/wp\/v2\/pages\/220\/revisions"}],"predecessor-version":[{"id":247,"href":"http:\/\/www.zsanametal.com\/index.php\/wp-json\/wp\/v2\/pages\/220\/revisions\/247"}],"up":[{"embeddable":true,"href":"http:\/\/www.zsanametal.com\/index.php\/wp-json\/wp\/v2\/pages\/224"}],"wp:attachment":[{"href":"http:\/\/www.zsanametal.com\/index.php\/wp-json\/wp\/v2\/media?parent=220"}],"curies":[{"name":"wp","href":"https:\/\/api.w.org\/{rel}","templated":true}]}}