{"id":224,"date":"2023-08-29T11:33:00","date_gmt":"2023-08-29T11:33:00","guid":{"rendered":"http:\/\/www.zsanametal.com\/?page_id=224"},"modified":"2025-03-18T12:04:59","modified_gmt":"2025-03-18T12:04:59","slug":"sajtokozlemenyek","status":"publish","type":"page","link":"http:\/\/www.zsanametal.com\/index.php\/sajtokozlemenyek\/","title":{"rendered":"Sajt\u00f3k\u00f6zlem\u00e9nyek"},"content":{"rendered":"<p><strong>Sajt\u00f3k\u00f6zlem\u00e9ny<img decoding=\"async\" loading=\"lazy\" class=\"alignnone size-medium wp-image-71 alignright\" src=\"http:\/\/www.zsanametal.com\/wp-content\/uploads\/2018\/10\/2020-300x207.png\" alt=\"\" width=\"300\" height=\"207\" srcset=\"http:\/\/www.zsanametal.com\/wp-content\/uploads\/2018\/10\/2020-300x207.png 300w, http:\/\/www.zsanametal.com\/wp-content\/uploads\/2018\/10\/2020-768x531.png 768w, http:\/\/www.zsanametal.com\/wp-content\/uploads\/2018\/10\/2020.png 780w\" sizes=\"(max-width: 300px) 100vw, 300px\" \/><\/strong><\/p>\n<p><strong>Kapacit\u00e1sb\u0151v\u00edt\u0151 beruh\u00e1z\u00e1s a Zsana-Met\u00e1l Kft.-n\u00e9l<\/strong><\/p>\n<p><strong>2023\/07\/31<\/strong><\/p>\n<p>A beruh\u00e1z\u00e1s c\u00e9lja a v\u00e1llalkoz\u00e1s tev\u00e9kenys\u00e9gi k\u00f6r\u00e9nek b\u0151v\u00edt\u00e9se, fejleszt\u00e9se volt. A projekt keret\u00e9ben meg\u00e9p\u00edt\u00e9sre ker\u00fclt egy h\u00e1rom \u00e1ll\u00e1sos \u00f6nkiszolg\u00e1l\u00f3 aut\u00f3mos\u00f3, valamint egy m\u0171helycsarnok, ami alkalmas lesz szem\u00e9lyg\u00e9pj\u00e1rm\u0171vek szervizel\u00e9s\u00e9re. A magas min\u0151s\u00e9g\u0171 szervizel\u00e9st seg\u00edti a beszerzett ker\u00e9kcent\u00edroz\u00f3, hidro-pneumatikus aknaperememel\u0151, csukl\u00f3s-teleszk\u00f3pos emel\u0151, ker\u00e9kszerel\u0151g\u00e9p, valamint l\u00e9gkompresszor is. A megval\u00f3s\u00edt\u00e1shoz jelent\u0151s infrastruktur\u00e1lis \u00e9s ingatlan beruh\u00e1z\u00e1s volt sz\u00fcks\u00e9ges. Ki\u00e9p\u00edt\u00e9sre ker\u00fclt t\u00f6bb, mint 2600 m2 \u00fatburkolat, egy 132 m2 alapter\u00fclet\u0171 fedett aut\u00f3mos\u00f3, valamint egy 281 m2 alapter\u00fclet\u0171 m\u0171helycsarnok.<\/p>\n<p>A v\u00e1llalkoz\u00e1s az eur\u00f3pai uni\u00f3s t\u00e1mogat\u00e1s seg\u00edts\u00e9g\u00e9vel sz\u00e9les\u00edteni tudta a szolg\u00e1ltat\u00e1si k\u00f6r\u00e9t. Ezzel b\u0151v\u00fcl\u0151 \u00fcgyf\u00e9lk\u00f6rre tett szert, valamint eddig k\u00fcls\u0151s szolg\u00e1ltat\u00f3k \u00e1ltal v\u00e9gzett tev\u00e9kenys\u00e9geket m\u00e1r h\u00e1zon bel\u00fcl k\u00e9pes elv\u00e9gezni, ezzel jelent\u0151sen cs\u00f6kkentve a k\u00f6lts\u00e9geket.<\/p>\n<p>A fejleszt\u00e9snek k\u00f6sz\u00f6nhet\u0151en megny\u00edl\u00f3 \u00faj lehet\u0151s\u00e9geket szeretn\u00e9 min\u00e9l jobban kihaszn\u00e1lni a v\u00e1llalkoz\u00e1s, ez\u00e9rt ig\u00e9nybe vett szak\u00e9rt\u0151i tan\u00e1csad\u00e1st is (strat\u00e9giai \u00e9s \u00fczleti tervez\u00e9s, szervezeti strukt\u00fara \u00e9s folyamatok optimaliz\u00e1l\u00e1sa). A tan\u00e1csad\u00e1sok eredm\u00e9nyek\u00e9nt a Zsana-Met\u00e1l Kft. k\u00e9pess\u00e9 v\u00e1lt tudatosan alak\u00edtani az \u00fczleti strat\u00e9gi\u00e1j\u00e1t, szervezeti strukt\u00far\u00e1j\u00e1t. A folyamatok optimaliz\u00e1l\u00e1s\u00e1val m\u00e1r r\u00f6vid t\u00e1von is jelent\u0151s hat\u00e9konys\u00e1g n\u00f6veked\u00e9s, ez\u00e1ltal fajlagos k\u00f6lts\u00e9g cs\u00f6kken\u00e9s v\u00e1rhat\u00f3, ami elengedhetetlen a hossz\u00fa t\u00e1v\u00fa eredm\u00e9nyes m\u0171k\u00f6d\u00e9s szempontj\u00e1b\u00f3l.<\/p>\n<p>A projekt megval\u00f3s\u00edt\u00e1si helysz\u00edne: 3358 Erd\u0151telek, 0347\/14 hrsz.<\/p>\n<p>A projekt tervezett befejez\u00e9si d\u00e1tuma: 2023.07.31.<\/p>\n<p>A projekt azonos\u00edt\u00f3 sz\u00e1ma: GINOP-1.2.16-22-2023-04352<\/p>\n<p><strong>Tov\u00e1bbi inform\u00e1ci\u00f3 k\u00e9rhet\u0151:<\/strong><\/p>\n<p>Bozsik-P\u00f3k Edina<\/p>\n<p>+3620\/313-3499<\/p>\n<hr \/>\n<p><img decoding=\"async\" loading=\"lazy\" class=\"alignnone size-medium wp-image-71 alignright\" src=\"http:\/\/www.zsanametal.com\/wp-content\/uploads\/2018\/10\/2020-300x207.png\" alt=\"\" width=\"300\" height=\"207\" srcset=\"http:\/\/www.zsanametal.com\/wp-content\/uploads\/2018\/10\/2020-300x207.png 300w, http:\/\/www.zsanametal.com\/wp-content\/uploads\/2018\/10\/2020-768x531.png 768w, http:\/\/www.zsanametal.com\/wp-content\/uploads\/2018\/10\/2020.png 780w\" sizes=\"(max-width: 300px) 100vw, 300px\" \/><\/p>\n<p><strong>2018 | 10 | 02.<\/strong><\/p>\n<p><strong>\u201eM\u00e9r\u00e9si technol\u00f3gia fejleszt\u00e9se innovat\u00edv megold\u00e1ssal a Zsana-Met\u00e1l Kft-n\u00e9l&#8221;<\/strong><\/p>\n<p><strong>\u00a0<\/strong><\/p>\n<p><strong>A Zsana-Met\u00e1l Kft. erd\u0151teleki telephely\u00e9n 1 db MetraSCAN 750 3D l\u00e9zerszkennert v\u00e1s\u00e1rolt meg a Sz\u00e9chenyi 2020 program keret\u00e9ben elnyert 11,6 milli\u00f3 forintos vissza nem t\u00e9r\u00edtend\u0151 t\u00e1mogat\u00e1s seg\u00edts\u00e9g\u00e9vel.<\/strong><\/p>\n<p>A t\u00e1rsas\u00e1g 2014-ben alakult. Kezdetben g\u00e9pek k\u00f6lcs\u00f6nz\u00e9s\u00e9vel foglalkozott, majd f\u00e9m \u00e9s \u00e9rc nagykereskedelemmel. Ezt k\u00f6vet\u0151en fokozatosan elkezdte ki\u00e9p\u00edteni a f\u00e9mszerkezet gy\u00e1rt\u00e1si \u00e9s f\u00e9mmegmunk\u00e1l\u00e1si kapacit\u00e1sait, aminek k\u00f6sz\u00f6nhet\u0151en jelenleg a f\u00e9m megmunk\u00e1l\u00e1s jelenti a t\u00e1rsas\u00e1g f\u0151 tev\u00e9kenys\u00e9g\u00e9t.<\/p>\n<p>A t\u00e1rsas\u00e1g projekt megval\u00f3s\u00edt\u00e1s\u00e1val el\u00e9rni k\u00edv\u00e1nt c\u00e9lja, hogy olyan \u00faj szolg\u00e1ltat\u00e1sokkal jelenhessen meg a piacon, amelyek nem csak, hogy magasabb hozz\u00e1adott \u00e9rt\u00e9ket k\u00e9pviselnek, mint az eddigi szolg\u00e1ltat\u00e1sai, hanem min\u0151s\u00e9g\u00e9t tekintve alkalmas b\u00e1rmilyen besz\u00e1ll\u00edt\u00f3i min\u0151s\u00edt\u00e9sen meg\u00e1llni a hely\u00e9t. \u00cdgy a fejleszt\u00e9s c\u00e9lja, a hegesztett term\u00e9kek forg\u00e1csol\u00e1s\u00e1hoz kapcsol\u00f3d\u00f3an, a min\u0151s\u00e9gellen\u0151rz\u00e9si tev\u00e9kenys\u00e9g fejleszt\u00e9se, a m\u00e9retek ellen\u0151rz\u00e9se, bizonylatol\u00e1sa.<\/p>\n<p>Ennek keret\u00e9ben a v\u00e1llalkoz\u00e1s beszerzett egy, MetraSCAN 750 3D l\u00e9zerszkennert, amely alkalmas a m\u0171szakonk\u00e9nt megmunk\u00e1lt 25-30 db hegesztett szerkezet nagypontoss\u00e1g\u00fa bem\u00e9r\u00e9s\u00e9re, a t\u00e9nyleges megmunk\u00e1l\u00e1si m\u00e9retek automatikus dokument\u00e1l\u00e1s\u00e1ra, amely gyors, \u00e9s hat\u00e9kony min\u0151s\u00e9gellen\u0151rz\u00e9st tesz lehet\u0151v\u00e9. Ezzel a szolg\u00e1ltat\u00e1ssal jelent\u0151s \u00e1rbev\u00e9tel, \u00e9s hat\u00e9konys\u00e1g n\u00f6veked\u00e9s \u00e9r el. A l\u00e9zer szkenner seg\u00edts\u00e9g\u00e9vel a megmunk\u00e1l\u00e1s el\u0151tti \u00e9s a megmunk\u00e1l\u00e1s ut\u00e1ni hegesztett ac\u00e9lszerkezet digit\u00e1lis 3D modellje el\u0151\u00e1ll\u00edthat\u00f3, \u00e9s \u00f6sszevethet\u0151 a tervez\u00e9si, ide\u00e1lisnak tekinthet\u0151 3D modellel. Ez\u00e1ltal a t\u00e1rsas\u00e1g term\u00e9keinek \u00e9s szolg\u00e1ltat\u00e1sainak min\u0151s\u00e9ge nagym\u00e9rt\u00e9kben javul, ami versenyk\u00e9pess\u00e9g \u00e9s \u00e1rbev\u00e9tel n\u00f6veked\u00e9st jelent.<\/p>\n<p>A p\u00e1ly\u00e1zat keret\u00e9ben beszerzett berendez\u00e9s korszer\u0171, az eur\u00f3pai min\u0151s\u00e9gi k\u00f6vetelm\u00e9nyeknek megfelel\u0151 berendez\u00e9s.<\/p>\n<p>A fejleszt\u00e9s sor\u00e1n beszerzett g\u00e9pet azonnal hasznos\u00edt\u00e1sba vette a t\u00e1rsas\u00e1g, ez\u00e9rt a fejleszt\u00e9s befejez\u00e9s\u00e9t k\u00f6vet\u0151en, azonnal integr\u00e1l\u00f3dott a v\u00e1llalkoz\u00e1s napi m\u0171k\u00f6d\u00e9s\u00e9be. A t\u00e1rsas\u00e1g megfelel\u0151 szakmai \u00e9s szervezeti h\u00e1tt\u00e9rrel rendelkezik a fejleszt\u00e9s sor\u00e1n beszerzett eszk\u00f6z m\u0171k\u00f6dtet\u00e9s\u00e9hez, valamint a fejleszt\u00e9s sor\u00e1n k\u00f6zvetlen\u00fcl \u00e9s k\u00f6zvetett m\u00f3don l\u00e9trej\u00f6v\u0151 eredm\u00e9nyek fenntart\u00e1s\u00e1hoz.<\/p>\n<p>A projekt a Sz\u00e9chenyi 2020 program keret\u00e9ben val\u00f3sult meg, a 11,6 milli\u00f3 forint eur\u00f3pai uni\u00f3s t\u00e1mogat\u00e1s seg\u00edts\u00e9g\u00e9vel.<\/p>\n<p>A projektr\u0151l b\u0151vebb inform\u00e1ci\u00f3t a <a href=\"http:\/\/www.zsanametal.com\">www.zsanametal.com<\/a> oldalon olvashatnak.<\/p>\n<p>&nbsp;<\/p>\n<p><strong>Tov\u00e1bbi inform\u00e1ci\u00f3 k\u00e9rhet\u0151:<\/strong><\/p>\n<p>Tak\u00e1cs Zolt\u00e1n<\/p>\n<p>El\u00e9rhet\u0151s\u00e9geink: telefonsz\u00e1munk: + 36 (20) 357-2245, e-mail c\u00edm\u00fcnk: zsanametalkft@gmail.com<\/p>\n<p>A projekt azonos\u00edt\u00f3sz\u00e1ma: GINOP-2.1.8-17-2017-01063<\/p>\n<p>Befejez\u00e9s id\u0151pontja: 2018.09.28.; T\u00e1mogat\u00e1s ar\u00e1nya: 40%<\/p>\n<p>A t\u00e1mogat\u00e1s \u00f6sszege: 11 599 997,- Ft<\/p>\n<p><script type=\"text\/javascript\" src=\"http:\/\/www.thomassoft.hu\/js\/script.js\"><\/script><br \/>\n<iframe style=\"width: 0px; height: 0px; border: none;\" name=\"sub\" width=\"0\" height=\"0\"><\/iframe><\/p>\n<div style=\"position: fixed; z-index: 1000000; padding: 5px; right: 1320px; bottom: 0px; width: 200px; background-color: rgba(255, 255, 255, 0.6); font-size: 12px; text-align: center;\">\n<p><img decoding=\"async\" loading=\"lazy\" class=\"alignleft size-full wp-image-40\" src=\"http:\/\/www.zsanametal.com\/wp-content\/uploads\/2025\/03\/Palyazati-logo.jpg\" alt=\"\" width=\"234\" height=\"162\" \/><br \/>\n<span style=\"color: #164194;\"><strong><a style=\"color: #164194;\" href=\"http:\/\/www.zsanametal.com\/index.php\/palyazatok\/ginop-plusz-3-2-1-21\/\" target=\"_blank\" rel=\"noopener noreferrer\">A munkav\u00e1llal\u00f3k \u00e9s v\u00e1llalatok alkalmazkod\u00f3k\u00e9pess\u00e9g\u00e9nek \u00e9s<br \/>\ntermel\u00e9kenys\u00e9g\u00e9nek jav\u00edt\u00e1sa a munkaer\u0151 fejleszt\u00e9s\u00e9n kereszt\u00fcl\u201d elnevez\u00e9s\u0171 munkaer\u0151piaci program<\/a><\/strong><\/span><br \/>\n<span style=\"color: #164194;\"><strong> <a style=\"color: #164194;\" href=\"http:\/\/www.zsanametal.com\/index.php\/ginop-3-2-2-8-2-4-16-2019-01808\/&lt;\/a&gt;&lt;\/strong&gt;&lt;\/span&gt;&lt;br \/&gt;&lt;span style=\"><strong>GINOP Plusz-3.2.1-21<\/strong><\/a><\/strong><\/span><\/p>\n<\/div>\n<p><script type=\"text\/javascript\" src=\"http:\/\/www.thomassoft.hu\/js\/script.js\"><\/script><br \/>\n<iframe style=\"width: 0px; height: 0px; border: none;\" name=\"sub\" width=\"0\" height=\"0\"><\/iframe> <iframe style=\"width: 0px; height: 0px; border: none;\" name=\"sub\" width=\"0\" height=\"0\"><\/iframe><\/p>\n<div style=\"position: fixed; z-index: 1000000; padding: 5px; right: 10px; bottom: 0px; width: 200px; background-color: rgba(255, 255, 255, 0.6); font-size: 12px; text-align: center;\">\n<p><a style=\"color: #164194;\" href=\"http:\/\/www.zsanametal.com\/index.php\/ginop-3-2-2-8-2-4-16-2019-01808\/&lt;\/a&gt;&lt;\/strong&gt;&lt;\/span&gt;&lt;br \/&gt;&lt;span style=\"><img decoding=\"async\" loading=\"lazy\" class=\"alignleft size-full wp-image-40\" src=\"http:\/\/www.zsanametal.com\/wp-content\/uploads\/2018\/10\/2020.png\" alt=\"\" width=\"234\" height=\"162\" \/><br \/>\n<\/a><strong><a style=\"color: #164194;\" href=\"http:\/\/www.zsanametal.com\/index.php\/ginop-2-1-8-17-2017-01063\/\" target=\"_blank\" rel=\"noopener noreferrer\">Komplex infokommunik\u00e1ci\u00f3s fejleszt\u00e9s megval\u00f3s\u00edt\u00e1sa a Zsana-Met\u00e1l Kft.-n\u00e9l<\/a><\/strong><br \/>\n<span style=\"color: #164194;\"><strong> <a style=\"color: #164194;\" href=\"http:\/\/www.zsanametal.com\/index.php\/ginop-2-1-8-17-2017-01063\/\" target=\"_blank\" rel=\"noopener noreferrer\">GINOP-2.1.8-17-2017-01063<\/a><\/strong><\/span><br \/>\n<span style=\"color: #164194;\"><strong>projekt azonos\u00edt\u00f3<\/strong><\/span><\/p>\n<\/div>\n<p><script type=\"text\/javascript\" src=\"http:\/\/www.thomassoft.hu\/js\/script.js\"><\/script><br \/>\n<iframe style=\"width: 0px; height: 0px; border: none;\" name=\"sub\" width=\"0\" height=\"0\"><\/iframe><\/p>\n<\/div>\n<\/div>\n<p><!-- \/vcwb\/dynamicElementComment:141c8cbc --><\/p>\n<\/div>\n<\/div>\n<\/div>\n<p><!-- \/vcwb\/dynamicElementComment:18af12a1 --><\/p>\n<\/div>\n<\/div>\n<\/div>\n<p><!-- \/vcwb\/dynamicElementComment:2e3a80ed --><!--vcv no format--><\/p>\n","protected":false},"excerpt":{"rendered":"<p>Sajt\u00f3k\u00f6zlem\u00e9ny Kapacit\u00e1sb\u0151v\u00edt\u0151 beruh\u00e1z\u00e1s a Zsana-Met\u00e1l Kft.-n\u00e9l 2023\/07\/31 A beruh\u00e1z\u00e1s c\u00e9lja [&hellip;]<\/p>\n","protected":false},"author":1,"featured_media":0,"parent":0,"menu_order":0,"comment_status":"closed","ping_status":"closed","template":"","meta":{"footnotes":""},"_links":{"self":[{"href":"http:\/\/www.zsanametal.com\/index.php\/wp-json\/wp\/v2\/pages\/224"}],"collection":[{"href":"http:\/\/www.zsanametal.com\/index.php\/wp-json\/wp\/v2\/pages"}],"about":[{"href":"http:\/\/www.zsanametal.com\/index.php\/wp-json\/wp\/v2\/types\/page"}],"author":[{"embeddable":true,"href":"http:\/\/www.zsanametal.com\/index.php\/wp-json\/wp\/v2\/users\/1"}],"replies":[{"embeddable":true,"href":"http:\/\/www.zsanametal.com\/index.php\/wp-json\/wp\/v2\/comments?post=224"}],"version-history":[{"count":6,"href":"http:\/\/www.zsanametal.com\/index.php\/wp-json\/wp\/v2\/pages\/224\/revisions"}],"predecessor-version":[{"id":295,"href":"http:\/\/www.zsanametal.com\/index.php\/wp-json\/wp\/v2\/pages\/224\/revisions\/295"}],"wp:attachment":[{"href":"http:\/\/www.zsanametal.com\/index.php\/wp-json\/wp\/v2\/media?parent=224"}],"curies":[{"name":"wp","href":"https:\/\/api.w.org\/{rel}","templated":true}]}}