{"id":234,"date":"2023-09-27T07:47:32","date_gmt":"2023-09-27T07:47:32","guid":{"rendered":"http:\/\/www.zsanametal.com\/?page_id=234"},"modified":"2023-09-27T11:04:47","modified_gmt":"2023-09-27T11:04:47","slug":"projekt-ginop-8-3-5-18-b","status":"publish","type":"page","link":"http:\/\/www.zsanametal.com\/index.php\/projekt-ginop-8-3-5-18-b\/","title":{"rendered":"Projekt: GINOP-8.3.5-18\/B"},"content":{"rendered":"<p>Projekt: GINOP-8.3.5-18\/B<\/p>\n<p>Kedvezm\u00e9nyezett neve: Zsana-Met\u00e1l Kft.<br \/>\nProjekt c\u00edme: GINOP-8.3.5-18\/B \u00a0hitelprogram keret\u00e9ben a mikro-, kis- \u00e9s k\u00f6z\u00e9pv\u00e1llalkoz\u00e1sok technol\u00f3giai korszer\u0171s\u00edt\u00e9se<br \/>\nSzerz\u0151d\u00f6tt t\u00e1mogat\u00e1s jellege: Visszat\u00e9r\u00edtend\u0151 Hitel<br \/>\nK\u00f6lcs\u00f6n \u00f6sszege: 25 000 000 HUF<\/p>\n<p>K\u00f6cs\u00f6n futamideje: 60 h\u00f3nap<\/p>\n<p>Szerz\u0151d\u00e9s sz\u00e1ma: H-EKTG2\/080698\/2020\/336641\/001<\/p>\n<p>Projekt le\u00edr\u00e1sa:<\/p>\n<p>A Zsana Met\u00e1l\u00a0 Kft., mint szolg\u00e1ltat\u00f3 kisv\u00e1llalkoz\u00e1s likvid m\u0171k\u00f6d\u00e9s\u00e9nek zavartalan biztos\u00edt\u00e1sa \u00e9rdek\u00e9ben az ig\u00e9nybevett szolg\u00e1ltat\u00e1sok finansz\u00edroz\u00e1s\u00e1ra vette ig\u00e9nybe a kamatmentesen kapott k\u00f6lcs\u00f6n \u00f6sszeg\u00e9t.<\/p>\n<p>&nbsp;<\/p>\n<p><img decoding=\"async\" loading=\"lazy\" class=\"size-medium wp-image-242 alignright\" src=\"http:\/\/www.zsanametal.com\/wp-content\/uploads\/2023\/09\/Szechenyi-300x140.jpg\" alt=\"\" width=\"300\" height=\"140\" srcset=\"http:\/\/www.zsanametal.com\/wp-content\/uploads\/2023\/09\/Szechenyi-200x93.jpg 200w, http:\/\/www.zsanametal.com\/wp-content\/uploads\/2023\/09\/Szechenyi-300x140.jpg 300w, http:\/\/www.zsanametal.com\/wp-content\/uploads\/2023\/09\/Szechenyi-320x149.jpg 320w, http:\/\/www.zsanametal.com\/wp-content\/uploads\/2023\/09\/Szechenyi-400x187.jpg 400w, http:\/\/www.zsanametal.com\/wp-content\/uploads\/2023\/09\/Szechenyi-480x224.jpg 480w, http:\/\/www.zsanametal.com\/wp-content\/uploads\/2023\/09\/Szechenyi-600x280.jpg 600w, http:\/\/www.zsanametal.com\/wp-content\/uploads\/2023\/09\/Szechenyi-768x358.jpg 768w, http:\/\/www.zsanametal.com\/wp-content\/uploads\/2023\/09\/Szechenyi-800x373.jpg 800w, http:\/\/www.zsanametal.com\/wp-content\/uploads\/2023\/09\/Szechenyi-1024x478.jpg 1024w, http:\/\/www.zsanametal.com\/wp-content\/uploads\/2023\/09\/Szechenyi-1200x560.jpg 1200w, http:\/\/www.zsanametal.com\/wp-content\/uploads\/2023\/09\/Szechenyi-1536x716.jpg 1536w, http:\/\/www.zsanametal.com\/wp-content\/uploads\/2023\/09\/Szechenyi.jpg 1546w\" sizes=\"(max-width: 300px) 100vw, 300px\" \/><\/p>\n","protected":false},"excerpt":{"rendered":"<p>Projekt: GINOP-8.3.5-18\/B Kedvezm\u00e9nyezett neve: Zsana-Met\u00e1l Kft. Projekt c\u00edme: GINOP-8.3.5-18\/B \u00a0hitelprogram [&hellip;]<\/p>\n","protected":false},"author":1,"featured_media":0,"parent":0,"menu_order":0,"comment_status":"closed","ping_status":"closed","template":"","meta":{"footnotes":""},"_links":{"self":[{"href":"http:\/\/www.zsanametal.com\/index.php\/wp-json\/wp\/v2\/pages\/234"}],"collection":[{"href":"http:\/\/www.zsanametal.com\/index.php\/wp-json\/wp\/v2\/pages"}],"about":[{"href":"http:\/\/www.zsanametal.com\/index.php\/wp-json\/wp\/v2\/types\/page"}],"author":[{"embeddable":true,"href":"http:\/\/www.zsanametal.com\/index.php\/wp-json\/wp\/v2\/users\/1"}],"replies":[{"embeddable":true,"href":"http:\/\/www.zsanametal.com\/index.php\/wp-json\/wp\/v2\/comments?post=234"}],"version-history":[{"count":3,"href":"http:\/\/www.zsanametal.com\/index.php\/wp-json\/wp\/v2\/pages\/234\/revisions"}],"predecessor-version":[{"id":243,"href":"http:\/\/www.zsanametal.com\/index.php\/wp-json\/wp\/v2\/pages\/234\/revisions\/243"}],"wp:attachment":[{"href":"http:\/\/www.zsanametal.com\/index.php\/wp-json\/wp\/v2\/media?parent=234"}],"curies":[{"name":"wp","href":"https:\/\/api.w.org\/{rel}","templated":true}]}}