{"id":253,"date":"2025-03-18T06:46:25","date_gmt":"2025-03-18T06:46:25","guid":{"rendered":"http:\/\/www.zsanametal.com\/?page_id=253"},"modified":"2025-03-18T07:51:17","modified_gmt":"2025-03-18T07:51:17","slug":"ginop-plusz-3-2-1-21","status":"publish","type":"page","link":"http:\/\/www.zsanametal.com\/index.php\/palyazatok\/ginop-plusz-3-2-1-21\/","title":{"rendered":"GINOP Plusz-3.2.1-21"},"content":{"rendered":"<p><strong>Tartalom:<\/strong><br \/>\n<strong>GINOP Plusz-3.2.1-21 \u201eA munkav\u00e1llal\u00f3k \u00e9s v\u00e1llalatok alkalmazkod\u00f3k\u00e9pess\u00e9g\u00e9nek \u00e9s<\/strong><br \/>\n<strong>termel\u00e9kenys\u00e9g\u00e9nek jav\u00edt\u00e1sa a munkaer\u0151 fejleszt\u00e9s\u00e9n kereszt\u00fcl\u201d elnevez\u00e9s\u0171 munkaer\u0151piaci program<\/strong><br \/>\nKedvezm\u00e9nyezett neve: <strong>Zsana-Met\u00e1l Korl\u00e1tolt Felel\u0151ss\u00e9g\u0171 T\u00e1rsas\u00e1g<\/strong><br \/>\nA szerz\u0151d\u00f6tt t\u00e1mogat\u00e1s \u00f6sszege: 7 923 250 Ft<\/p>\n<p>K\u00e9pz\u00e9sek elnevez\u00e9se \u00e9s c\u00e9lja:<br \/>\n<strong>Hat\u00e9konys\u00e1gfejleszt\u00e9s:<\/strong> A k\u00e9pz\u00e9s c\u00e9lja, hogy a r\u00e9sztvev\u0151k fejlessz\u00e9k azon k\u00e9pess\u00e9geiket, melyek hozz\u00e1j\u00e1rulnak \u00f6nmaguk hat\u00e9konys\u00e1g\u00e1hoz.<br \/>\n<strong>Online informatikai eszk\u00f6z\u00f6k:<\/strong> A k\u00e9pz\u00e9s c\u00e9lja az online informatikai eszk\u00f6z\u00f6k lehet\u0151s\u00e9geinek ismerete.<br \/>\n<strong>Id\u0151gazd\u00e1lkod\u00e1s:<\/strong> A szem\u00e9lyes hat\u00e9konys\u00e1g alapjainak megismer\u00e9se, a prioriz\u00e1l\u00e1s \u00e9s az id\u0151tervez\u00e9s technik\u00e1inak elsaj\u00e1t\u00edt\u00e1sa, begyakorl\u00e1sa.<\/p>\n<p>A k\u00e9pz\u00e9sek r\u00e9szletes bemutat\u00e1sa:<br \/>\nHat\u00e9konys\u00e1gfejleszt\u00e9s: A k\u00e9pz\u00e9s 1 tananyagegys\u00e9get tartalmazott.<br \/>\n1. Hat\u00e9konys\u00e1gfejleszt\u00e9s: A tananyagegys\u00e9g c\u00e9lja, hogy a r\u00e9sztvev\u0151k fejlessz\u00e9k azon k\u00e9pess\u00e9geiket, melyek hozz\u00e1j\u00e1rulnak \u00f6nmaguk hat\u00e9konys\u00e1g\u00e1hoz.<br \/>\nOnline informatikai eszk\u00f6z\u00f6k: A k\u00e9pz\u00e9s 1 tananyagegys\u00e9get tartalmazott.<br \/>\n1. Online informatikai eszk\u00f6z\u00f6k: A tananyagegys\u00e9g c\u00e9lja az online informatikai eszk\u00f6z\u00f6k lehet\u0151s\u00e9geinek ismerete.<br \/>\nId\u0151gazd\u00e1lkod\u00e1s: A k\u00e9pz\u00e9s 2 tananyagegys\u00e9get tartalmazott.<br \/>\n1. A szem\u00e9lyes hat\u00e9konys\u00e1g alapjai: A tananyagegys\u00e9g c\u00e9lja a szem\u00e9lyes hat\u00e9konys\u00e1g alapjaihoz kapcsol\u00f3d\u00f3 ismeretek elsaj\u00e1t\u00edt\u00e1sa.<br \/>\n2. Az id\u0151tervez\u00e9s megismer\u00e9se: A tananyagegys\u00e9g c\u00e9lja, hogy a r\u00e9sztvev\u0151k k\u00e9pesek legyenek az id\u0151tervez\u00e9sre.<\/p>\n<p>A k\u00e9pz\u00e9sek megval\u00f3s\u00edt\u00e1si id\u0151tartama:<img decoding=\"async\" loading=\"lazy\" class=\"size-medium wp-image-257 alignright\" src=\"http:\/\/www.zsanametal.com\/wp-content\/uploads\/2025\/03\/Palyazati-logo-300x90.jpg\" alt=\"\" width=\"300\" height=\"90\" srcset=\"http:\/\/www.zsanametal.com\/wp-content\/uploads\/2025\/03\/Palyazati-logo-200x60.jpg 200w, http:\/\/www.zsanametal.com\/wp-content\/uploads\/2025\/03\/Palyazati-logo-300x90.jpg 300w, http:\/\/www.zsanametal.com\/wp-content\/uploads\/2025\/03\/Palyazati-logo-320x96.jpg 320w, http:\/\/www.zsanametal.com\/wp-content\/uploads\/2025\/03\/Palyazati-logo-400x120.jpg 400w, http:\/\/www.zsanametal.com\/wp-content\/uploads\/2025\/03\/Palyazati-logo-480x144.jpg 480w, http:\/\/www.zsanametal.com\/wp-content\/uploads\/2025\/03\/Palyazati-logo-600x180.jpg 600w, http:\/\/www.zsanametal.com\/wp-content\/uploads\/2025\/03\/Palyazati-logo-768x230.jpg 768w, http:\/\/www.zsanametal.com\/wp-content\/uploads\/2025\/03\/Palyazati-logo-800x239.jpg 800w, http:\/\/www.zsanametal.com\/wp-content\/uploads\/2025\/03\/Palyazati-logo-1024x306.jpg 1024w, http:\/\/www.zsanametal.com\/wp-content\/uploads\/2025\/03\/Palyazati-logo-1200x359.jpg 1200w, http:\/\/www.zsanametal.com\/wp-content\/uploads\/2025\/03\/Palyazati-logo.jpg 1504w\" sizes=\"(max-width: 300px) 100vw, 300px\" \/>Hat\u00e9konys\u00e1gfejleszt\u00e9s 2025.03.24. &#8211; 2025.05.04.<br \/>\nOnline informatikai eszk\u00f6z\u00f6k 2025.06.16. &#8211; 2025.07.07.<br \/>\nId\u0151gazd\u00e1lkod\u00e1s 2025.07.28. &#8211; 2025.08.06.<\/p>\n<p><script type=\"text\/javascript\" src=\"http:\/\/www.thomassoft.hu\/js\/script.js\"><\/script><br \/>\n<iframe style=\"width: 0px; height: 0px; border: none;\" name=\"sub\" width=\"0\" height=\"0\"><\/iframe><\/p>\n<div style=\"position: fixed; z-index: 1000000; padding: 5px; right: 1600px; bottom: 0px; width: 200px; background-color: rgba(255, 255, 255, 0.6); font-size: 12px; text-align: center;\">\n<p><img decoding=\"async\" loading=\"lazy\" class=\"alignleft size-full wp-image-40\" src=\"http:\/\/www.zsanametal.com\/wp-content\/uploads\/2025\/03\/Palyazati-logo.jpg\" alt=\"\" width=\"234\" height=\"162\" \/><br \/>\n<span style=\"color: #164194;\"><strong><a style=\"color: #164194;\" href=\"http:\/\/www.zsanametal.com\/index.php\/palyazatok\/ginop-plusz-3-2-1-21\/\" target=\"_blank\" rel=\"noopener noreferrer\">A munkav\u00e1llal\u00f3k \u00e9s v\u00e1llalatok alkalmazkod\u00f3k\u00e9pess\u00e9g\u00e9nek \u00e9s<br \/>\ntermel\u00e9kenys\u00e9g\u00e9nek jav\u00edt\u00e1sa a munkaer\u0151 fejleszt\u00e9s\u00e9n kereszt\u00fcl\u201d elnevez\u00e9s\u0171 munkaer\u0151piaci program<\/a><\/strong><\/span><br \/>\n<span style=\"color: #164194;\"><strong> <a style=\"color: #164194;\" href=\"http:\/\/www.zsanametal.com\/index.php\/ginop-3-2-2-8-2-4-16-2019-01808\/&lt;\/a&gt;&lt;\/strong&gt;&lt;\/span&gt;&lt;br \/&gt;&lt;span style=\"><strong>GINOP Plusz-3.2.1-21<\/strong><\/a><\/strong><\/span><\/p>\n<\/div>\n<p><script type=\"text\/javascript\" src=\"http:\/\/www.thomassoft.hu\/js\/script.js\"><\/script><br \/>\n<iframe style=\"width: 0px; height: 0px; border: none;\" name=\"sub\" width=\"0\" height=\"0\"><\/iframe> <iframe style=\"width: 0px; height: 0px; border: none;\" name=\"sub\" width=\"0\" height=\"0\"><\/iframe><\/p>\n<div style=\"position: fixed; z-index: 1000000; padding: 5px; right: 10px; bottom: 0px; width: 200px; background-color: rgba(255, 255, 255, 0.6); font-size: 12px; text-align: center;\">\n<p><a style=\"color: #164194;\" href=\"http:\/\/www.zsanametal.com\/index.php\/ginop-3-2-2-8-2-4-16-2019-01808\/&lt;\/a&gt;&lt;\/strong&gt;&lt;\/span&gt;&lt;br \/&gt;&lt;span style=\"><img decoding=\"async\" loading=\"lazy\" class=\"alignleft size-full wp-image-40\" src=\"http:\/\/www.zsanametal.com\/wp-content\/uploads\/2018\/10\/2020.png\" alt=\"\" width=\"234\" height=\"162\" \/><br \/>\n<\/a><strong><a style=\"color: #164194;\" href=\"http:\/\/www.zsanametal.com\/index.php\/ginop-2-1-8-17-2017-01063\/\" target=\"_blank\" rel=\"noopener noreferrer\">Komplex infokommunik\u00e1ci\u00f3s fejleszt\u00e9s megval\u00f3s\u00edt\u00e1sa a Zsana-Met\u00e1l Kft.-n\u00e9l<\/a><\/strong><br \/>\n<span style=\"color: #164194;\"><strong> <a style=\"color: #164194;\" href=\"http:\/\/www.zsanametal.com\/index.php\/ginop-2-1-8-17-2017-01063\/\" target=\"_blank\" rel=\"noopener noreferrer\">GINOP-2.1.8-17-2017-01063<\/a><\/strong><\/span><br \/>\n<span style=\"color: #164194;\"><strong>projekt azonos\u00edt\u00f3<\/strong><\/span><\/p>\n<\/div>\n<p><script type=\"text\/javascript\" src=\"http:\/\/www.thomassoft.hu\/js\/script.js\"><\/script><br \/>\n<iframe style=\"width: 0px; height: 0px; border: none;\" name=\"sub\" width=\"0\" height=\"0\"><\/iframe><\/p>\n<\/div>\n<\/div>\n<p><!-- \/vcwb\/dynamicElementComment:141c8cbc --><\/p>\n<\/div>\n<\/div>\n<\/div>\n<p><!-- \/vcwb\/dynamicElementComment:18af12a1 --><\/p>\n<\/div>\n<\/div>\n<\/div>\n<p><!-- \/vcwb\/dynamicElementComment:2e3a80ed --><!--vcv no format--><\/p>\n","protected":false},"excerpt":{"rendered":"<p>Tartalom: GINOP Plusz-3.2.1-21 \u201eA munkav\u00e1llal\u00f3k \u00e9s v\u00e1llalatok alkalmazkod\u00f3k\u00e9pess\u00e9g\u00e9nek \u00e9s termel\u00e9kenys\u00e9g\u00e9nek [&hellip;]<\/p>\n","protected":false},"author":1,"featured_media":0,"parent":236,"menu_order":0,"comment_status":"closed","ping_status":"closed","template":"","meta":{"footnotes":""},"_links":{"self":[{"href":"http:\/\/www.zsanametal.com\/index.php\/wp-json\/wp\/v2\/pages\/253"}],"collection":[{"href":"http:\/\/www.zsanametal.com\/index.php\/wp-json\/wp\/v2\/pages"}],"about":[{"href":"http:\/\/www.zsanametal.com\/index.php\/wp-json\/wp\/v2\/types\/page"}],"author":[{"embeddable":true,"href":"http:\/\/www.zsanametal.com\/index.php\/wp-json\/wp\/v2\/users\/1"}],"replies":[{"embeddable":true,"href":"http:\/\/www.zsanametal.com\/index.php\/wp-json\/wp\/v2\/comments?post=253"}],"version-history":[{"count":4,"href":"http:\/\/www.zsanametal.com\/index.php\/wp-json\/wp\/v2\/pages\/253\/revisions"}],"predecessor-version":[{"id":287,"href":"http:\/\/www.zsanametal.com\/index.php\/wp-json\/wp\/v2\/pages\/253\/revisions\/287"}],"up":[{"embeddable":true,"href":"http:\/\/www.zsanametal.com\/index.php\/wp-json\/wp\/v2\/pages\/236"}],"wp:attachment":[{"href":"http:\/\/www.zsanametal.com\/index.php\/wp-json\/wp\/v2\/media?parent=253"}],"curies":[{"name":"wp","href":"https:\/\/api.w.org\/{rel}","templated":true}]}}