{"id":302,"date":"2026-01-27T08:00:14","date_gmt":"2026-01-27T08:00:14","guid":{"rendered":"http:\/\/www.zsanametal.com\/?page_id=302"},"modified":"2026-01-27T08:23:58","modified_gmt":"2026-01-27T08:23:58","slug":"ginop-plusz-3-2-5-24","status":"publish","type":"page","link":"http:\/\/www.zsanametal.com\/index.php\/ginop-plusz-3-2-5-24\/","title":{"rendered":"GINOP Plusz-3.2.5-24"},"content":{"rendered":"<p><strong>GINOP Plusz-3.2.5-24<\/strong><\/p>\n<p><strong>Kedvezm\u00e9nyezett neve:<\/strong> Zsana-Met\u00e1l Kft.<\/p>\n<p><strong>P\u00e1ly\u00e1zat azonos\u00edt\u00f3sz\u00e1ma:<\/strong> HEM\/01\/002579-7\/2025<\/p>\n<p><strong>Fejleszt\u00e9s t\u00e1rgya:<\/strong> GINOP_Plusz-3.2.5-24-2024-00001 &#8211; \u201eMunkak\u00f6r\u00fclm\u00e9nyek fejleszt\u00e9se\u201d<\/p>\n<p><strong>T\u00e1mogat\u00e1si \u00f6sszeg:<\/strong> 18 354 845 Ft<\/p>\n<p><strong>T\u00e1mogat\u00e1s intenzit\u00e1sa:<\/strong> 100%<\/p>\n<p><strong>A projekt tervezett befejez\u00e9si d\u00e1tuma:<\/strong> 2026.05.18.<\/p>\n<p><strong>A projekt r\u00e9szletes bemutat\u00e1sa:<br \/>\n<\/strong><br \/>\nA Zsana-Met\u00e1l Kft. fejleszt\u00e9si projektje az erd\u0151teleki telephelyen a munkav\u00e9delmi szint emel\u00e9s\u00e9t, a munkabalesetek megel\u0151z\u00e9s\u00e9t \u00e9s az eg\u00e9szs\u00e9ges munkak\u00f6rnyezet kialak\u00edt\u00e1s\u00e1t szolg\u00e1lja, k\u00f6zvetlen\u00fcl 24 munkav\u00e1llal\u00f3 \u00e9rintetts\u00e9g\u00e9vel. A beruh\u00e1z\u00e1s hozz\u00e1j\u00e1rul a biztons\u00e1gosabb, ergonomikusabb \u00e9s eg\u00e9szs\u00e9gesebb munkafelt\u00e9telek megteremt\u00e9s\u00e9hez mind a fizikai, mind a szellemi munkak\u00f6r\u00f6kben. A projekt eredm\u00e9nyek\u00e9nt egy modern, a munkav\u00e9delmi el\u0151\u00edr\u00e1sokat meghalad\u00f3 szint\u0171 technol\u00f3giai \u00e9s munkak\u00f6rnyezeti felt\u00e9telekkel rendelkez\u0151 telephely j\u00f6n l\u00e9tre. A beruh\u00e1z\u00e1s keret\u00e9ben az al\u00e1bbi eszk\u00f6z\u00f6ket szerezz\u00fck be: irodai munka\u00e1llom\u00e1sok; irodai forg\u00f3sz\u00e9kek; LED l\u00e1mp\u00e1k beszerz\u00e9se a megvil\u00e1g\u00edt\u00e1s korszer\u0171s\u00edt\u00e9s\u00e9re; szintetikus l\u00e1ncf\u00fcggeszt\u00e9kek; l\u00e9p\u00e9s- \u00e9s \u00e1ll\u00e1sk\u00f6nny\u00edt\u0151, olaj\u00e1ll\u00f3 sz\u0151nyegek; l\u00e9gtiszt\u00edt\u00f3 k\u00e9sz\u00fcl\u00e9kek; b\u0151rkeszty\u0171k.<\/p>\n","protected":false},"excerpt":{"rendered":"<p>GINOP Plusz-3.2.5-24 Kedvezm\u00e9nyezett neve: Zsana-Met\u00e1l Kft. P\u00e1ly\u00e1zat azonos\u00edt\u00f3sz\u00e1ma: HEM\/01\/002579-7\/2025 Fejleszt\u00e9s [&hellip;]<\/p>\n","protected":false},"author":1,"featured_media":0,"parent":0,"menu_order":0,"comment_status":"closed","ping_status":"closed","template":"","meta":{"footnotes":""},"_links":{"self":[{"href":"http:\/\/www.zsanametal.com\/index.php\/wp-json\/wp\/v2\/pages\/302"}],"collection":[{"href":"http:\/\/www.zsanametal.com\/index.php\/wp-json\/wp\/v2\/pages"}],"about":[{"href":"http:\/\/www.zsanametal.com\/index.php\/wp-json\/wp\/v2\/types\/page"}],"author":[{"embeddable":true,"href":"http:\/\/www.zsanametal.com\/index.php\/wp-json\/wp\/v2\/users\/1"}],"replies":[{"embeddable":true,"href":"http:\/\/www.zsanametal.com\/index.php\/wp-json\/wp\/v2\/comments?post=302"}],"version-history":[{"count":3,"href":"http:\/\/www.zsanametal.com\/index.php\/wp-json\/wp\/v2\/pages\/302\/revisions"}],"predecessor-version":[{"id":307,"href":"http:\/\/www.zsanametal.com\/index.php\/wp-json\/wp\/v2\/pages\/302\/revisions\/307"}],"wp:attachment":[{"href":"http:\/\/www.zsanametal.com\/index.php\/wp-json\/wp\/v2\/media?parent=302"}],"curies":[{"name":"wp","href":"https:\/\/api.w.org\/{rel}","templated":true}]}}