{"id":304,"date":"2026-01-27T08:08:50","date_gmt":"2026-01-27T08:08:50","guid":{"rendered":"http:\/\/www.zsanametal.com\/?page_id=304"},"modified":"2026-01-27T08:25:57","modified_gmt":"2026-01-27T08:25:57","slug":"ginop-plusz-1-4-3-24-b","status":"publish","type":"page","link":"http:\/\/www.zsanametal.com\/index.php\/ginop-plusz-1-4-3-24-b\/","title":{"rendered":"GINOP Plusz-1.4.3-24\/B"},"content":{"rendered":"<p><strong>Projekt: GINOP Plusz-1.4.3-24\/B<\/strong><\/p>\n<p><strong>Kedvezm\u00e9nyezett neve: Zsana-Met\u00e1l Kft<\/strong><\/p>\n<p><strong>Projekt c\u00edme:<\/strong> GINOP Plusz-1.4.3-24\/B azonos\u00edt\u00f3 jel\u0171 KKV Technol\u00f3gia Plusz Hitelprogram keret\u00e9ben<\/p>\n<p><strong>Szerz\u0151d\u00f6tt t\u00e1mogat\u00e1s jellege:<\/strong> Visszat\u00e9r\u00edtend\u0151 hitel<\/p>\n<p><strong>K\u00f6lcs\u00f6n \u00f6sszege:<\/strong> 20.000.000 HUF<\/p>\n<p><strong>K\u00f6lcs\u00f6n futamideje:<\/strong> 42 h\u00f3nap<\/p>\n<p><strong>Szerz\u0151d\u00e9s sz\u00e1ma:<\/strong> H-CFTHI\/123634\/2025\/336641\/001<\/p>\n<p><strong>Projekt le\u00edr\u00e1sa:<\/strong><\/p>\n<p>A Zsana-Met\u00e1l Kft , mint szolg\u00e1ltat\u00f3 kisv\u00e1llalkoz\u00e1s likvid m\u0171k\u00f6d\u00e9s\u00e9nek zavartalan biztos\u00edt\u00e1sa \u00e9rdek\u00e9ben az ig\u00e9nybevett szolg\u00e1ltat\u00e1sok finansz\u00edroz\u00e1s\u00e1ra vette ig\u00e9nybe a kamatmentesen kapott k\u00f6lcs\u00f6n \u00f6sszeg\u00e9t.<\/p>\n","protected":false},"excerpt":{"rendered":"<p>Projekt: GINOP Plusz-1.4.3-24\/B Kedvezm\u00e9nyezett neve: Zsana-Met\u00e1l Kft Projekt c\u00edme: GINOP [&hellip;]<\/p>\n","protected":false},"author":1,"featured_media":0,"parent":0,"menu_order":0,"comment_status":"closed","ping_status":"closed","template":"","meta":{"footnotes":""},"_links":{"self":[{"href":"http:\/\/www.zsanametal.com\/index.php\/wp-json\/wp\/v2\/pages\/304"}],"collection":[{"href":"http:\/\/www.zsanametal.com\/index.php\/wp-json\/wp\/v2\/pages"}],"about":[{"href":"http:\/\/www.zsanametal.com\/index.php\/wp-json\/wp\/v2\/types\/page"}],"author":[{"embeddable":true,"href":"http:\/\/www.zsanametal.com\/index.php\/wp-json\/wp\/v2\/users\/1"}],"replies":[{"embeddable":true,"href":"http:\/\/www.zsanametal.com\/index.php\/wp-json\/wp\/v2\/comments?post=304"}],"version-history":[{"count":3,"href":"http:\/\/www.zsanametal.com\/index.php\/wp-json\/wp\/v2\/pages\/304\/revisions"}],"predecessor-version":[{"id":309,"href":"http:\/\/www.zsanametal.com\/index.php\/wp-json\/wp\/v2\/pages\/304\/revisions\/309"}],"wp:attachment":[{"href":"http:\/\/www.zsanametal.com\/index.php\/wp-json\/wp\/v2\/media?parent=304"}],"curies":[{"name":"wp","href":"https:\/\/api.w.org\/{rel}","templated":true}]}}