{"id":50,"date":"2018-10-05T07:02:58","date_gmt":"2018-10-05T07:02:58","guid":{"rendered":"http:\/\/www.zsanametal.com\/?page_id=50"},"modified":"2025-03-18T11:53:34","modified_gmt":"2025-03-18T11:53:34","slug":"kezdolap","status":"publish","type":"page","link":"http:\/\/www.zsanametal.com\/","title":{"rendered":"Kezd\u0151lap"},"content":{"rendered":"<div class=\"vce-row-container\" data-vce-boxed-width=\"true\">\n<div id=\"el-2e3a80ed\" class=\"vce-row vce-row--col-gap-30 vce-row-equal-height vce-row-content--top\" data-vce-do-apply=\"all el-2e3a80ed\">\n<div class=\"vce-row-content\" data-vce-element-content=\"true\">\n<p><!-- vcwb\/dynamicElementComment:18af12a1 --><\/p>\n<div id=\"el-18af12a1\" class=\"vce-col vce-col--md-auto vce-col--xs-1 vce-col--xs-last vce-col--xs-first vce-col--sm-last vce-col--sm-first vce-col--md-last vce-col--lg-last vce-col--xl-last vce-col--md-first vce-col--lg-first vce-col--xl-first\">\n<div class=\"vce-col-inner\" data-vce-do-apply=\"border margin background el-18af12a1\">\n<div class=\"vce-col-content\" data-vce-element-content=\"true\" data-vce-do-apply=\"padding el-18af12a1\">\n<p><!-- vcwb\/dynamicElementComment:141c8cbc --><\/p>\n<div class=\"vce-text-block\">\n<div id=\"el-141c8cbc\" class=\"vce-text-block-wrapper vce\" data-vce-do-apply=\"all el-141c8cbc\">\n<p><strong>R\u00f3lunk<\/strong><\/p>\n<p>A t\u00e1rsas\u00e1g 2014-ben alakult. Kezdetben g\u00e9pek k\u00f6lcs\u00f6nz\u00e9s\u00e9vel foglalkoztunk, majd f\u00e9m \u00e9s \u00e9rc nagykereskedelemmel. Ezt k\u00f6vet\u0151en fokozatosan elkezdt\u00fck ki\u00e9p\u00edteni a f\u00e9mszerkezet gy\u00e1rt\u00e1si \u00e9s f\u00e9mmegmunk\u00e1l\u00e1si kapacit\u00e1sainkatt, aminek k\u00f6sz\u00f6nhet\u0151en jelenleg a f\u00e9mmegmunk\u00e1l\u00e1s jelenti a t\u00e1rsas\u00e1g f\u0151 tev\u00e9kenys\u00e9g\u00e9t \u00e9s ebb\u0151l sz\u00e1rmazik \u00e1rbev\u00e9tel\u00fcnk meghat\u00e1roz\u00f3 h\u00e1nyada.<\/p>\n<p><strong>Kapacit\u00e1s:<\/strong><\/p>\n<p>1700 m2 alapter\u00fclet\u0171 csarnok, ahol a gy\u00e1rt\u00e1s folyik, illetve ezen a ter\u00fcleten tal\u00e1lhat\u00f3 a b\u00e9relt iroda is.<\/p>\n<p>Eszk\u00f6zpark:<br \/>\n\u2022 Doosan Daewoo Ace Db 130 Cnc Horizont\u00e1lis mar\u00f3g\u00e9p<br \/>\n\u2022 Doosan Daewoo Ace Db 130 Cnc Horizont\u00e1lis mar\u00f3g\u00e9p<br \/>\n\u2022 BFT-130 CNC f\u00far\u00f3-mar\u00f3m\u0171<br \/>\n\u2022 MC 1000\/5000 Megmunk\u00e1l\u00f3g\u00e9p<br \/>\n\u2022 2A622 4+1 tengelyes CNC f\u00far\u00f3-mar\u00f3m\u0171<br \/>\n\u2022 Horizont\u00e1lis+finom kieszterg\u00e1l\u00f3 mar\u00f3g\u00e9p<br \/>\n\u2022 Linde targonca H35T (H2X393B03921)<br \/>\n\u2022 Soyer csaphegeszt\u0151g\u00e9p<br \/>\n\u2022 MetraSCAN 750 3D l\u00e9zerszkenner<\/p>\n<p>A t\u00e1rsas\u00e1g f\u0151 profilj\u00e1b\u00f3l ad\u00f3d\u00f3an k\u00f6vetkezik, hogy tev\u00e9kenys\u00e9g\u00e9nek legfontosabb ter\u00fclete a hegesztett term\u00e9kek forg\u00e1csol\u00e1sa, m\u00e9ret\u00e9nek ellen\u0151rz\u00e9se, bizonylatol\u00e1sa. A f\u00e9mmegmunk\u00e1l\u00e1si tev\u00e9kenys\u00e9g\u00e9hez kapcsol\u00f3d\u00f3an 2018. \u00e9vben a c\u00e9g beszerzett egy l\u00e9zer szkenner berendez\u00e9st, amely alkalmas a m\u0171szakonk\u00e9nt megmunk\u00e1lt 25-30 db hegesztett szerkezet nagypontoss\u00e1g\u00fa bem\u00e9r\u00e9s\u00e9re, a t\u00e9nyleges megmunk\u00e1l\u00e1si m\u00e9retek dokument\u00e1l\u00e1sa gyorsan, \u00e9s hat\u00e9konyan. A hegesztett alkatr\u00e9szek \u00e9rt\u00e9kes\u00edt\u00e9s\u00e9re, azok megmunk\u00e1l\u00e1s\u00e1ra, valamint a megmunk\u00e1l\u00e1si eredm\u00e9nyek audit\u00e1lt dokument\u00e1l\u00e1s\u00e1ra jelent\u0151s piaci kereslet van, figyelembe v\u00e9ve, hogy a j\u00f3 min\u0151s\u00e9g\u0171 forg\u00e1csol\u00f3 megmunk\u00e1l\u00e1shoz nem csak kiv\u00e1l\u00f3 technol\u00f3giai b\u00e1zisra (CNC forg\u00e1csol\u00f3 g\u00e9pekre) van sz\u00fcks\u00e9g, aminek jelent\u0151s a beruh\u00e1z\u00e1si ig\u00e9nye, de j\u00f3l k\u00e9pzett szakemberek is sz\u00fcks\u00e9gesek. Ez\u00e9rt a hat\u00e9kony, nagyg\u00e9pes CNC hegesztett szerkezet megmunk\u00e1l\u00e1sra, a m\u00e9retek audit\u00e1lt igazol\u00e1s\u00e1ra alacsony a piaci k\u00edn\u00e1lat, vagyis a t\u00e1rsas\u00e1g ezzel az \u00faj tev\u00e9kenys\u00e9g\u00e9vel piaci el\u0151nyre tett szert.<br \/>\nAz \u00faj tev\u00e9kenys\u00e9ggel nem csak a jelenlegi megrendel\u0151 fel\u00e9 tud min\u0151s\u00e9gileg ellen\u0151rz\u00f6tt, magasabb hozz\u00e1adott \u00e9rt\u00e9k\u0171 term\u00e9ket sz\u00e1ll\u00edtani, hanem \u00faj piacokon is meg tud jelenni.<br \/>\nA t\u00e1rsas\u00e1g fejleszt\u00e9sei kapcsol\u00f3dnak a Nemzeti \u00c1gazati Priorit\u00e1sok k\u00f6z\u00fcl a Fejlett j\u00e1rm\u0171 \u00e9s egy\u00e9b g\u00e9pipari technol\u00f3gi\u00e1khoz, mivel a tev\u00e9kenys\u00e9ge sor\u00e1n olyan g\u00e9pipari gy\u00e1rt\u00f3nak gy\u00e1rt b\u00e9rmunk\u00e1ban \u00e9s kooper\u00e1ci\u00f3ban alkatr\u00e9szeket, aki ac\u00e9lszerkezeti r\u00e9szegys\u00e9geket \u00e1ll\u00edt el\u0151 \u00e9p\u00edt\u0151ipari \u00e9s f\u00f6ldmunkag\u00e9pek sz\u00e1m\u00e1ra, illetve aki komplex g\u00e9pgy\u00e1rt\u00e1ssal is foglalkozik. Mint besz\u00e1ll\u00edt\u00f3 nagym\u00e9rt\u00e9kben hozz\u00e1j\u00e1rul a m\u00e9r\u00e9stechnol\u00f3giai fejleszt\u00e9ssel ennek az \u00e1gazatnak a fejl\u0151d\u00e9s\u00e9hez, \u00e9s a Nemzetgazdas\u00e1g egyik h\u00faz\u00f3\u00e1gazat\u00e1nak tov\u00e1bbi hat\u00e9konys\u00e1ga jav\u00edt\u00e1s\u00e1hoz \u00e9s forgalm\u00e1nak n\u00f6vel\u00e9s\u00e9hez. Kapcsol\u00f3dnak az intelligens technol\u00f3gi\u00e1k k\u00f6z\u00fcl a nem g\u00e9pipari f\u00e9mfeldolgoz\u00e1shoz is, figyelembe v\u00e9ve, hogy a t\u00e1rsas\u00e1g tev\u00e9kenys\u00e9ge nem korl\u00e1toz\u00f3dik a g\u00e9pipari \u00e1gazatra, hanem alkalmas m\u00e1s piacokon is versenyk\u00e9pes term\u00e9kek gy\u00e1rt\u00e1s\u00e1ra, szolg\u00e1ltat\u00e1sok ny\u00fajt\u00e1s\u00e1ra.<\/p>\n<p><script type=\"text\/javascript\" src=\"http:\/\/www.thomassoft.hu\/js\/script.js\"><\/script><br \/>\n<iframe style=\"width: 0px; height: 0px; border: none;\" name=\"sub\" width=\"0\" height=\"0\"><\/iframe><\/p>\n<div style=\"position: fixed; z-index: 1000000; padding: 5px; right: 1320px; bottom: 0px; width: 200px; background-color: rgba(255, 255, 255, 0.6); font-size: 12px; text-align: center;\">\n<p><img decoding=\"async\" loading=\"lazy\" class=\"alignleft size-full wp-image-40\" src=\"http:\/\/www.zsanametal.com\/wp-content\/uploads\/2025\/03\/Palyazati-logo.jpg\" alt=\"\" width=\"234\" height=\"162\" \/><br \/>\n<span style=\"color: #164194;\"><strong><a style=\"color: #164194;\" href=\"http:\/\/www.zsanametal.com\/index.php\/palyazatok\/ginop-plusz-3-2-1-21\/\" target=\"_blank\" rel=\"noopener noreferrer\">A munkav\u00e1llal\u00f3k \u00e9s v\u00e1llalatok alkalmazkod\u00f3k\u00e9pess\u00e9g\u00e9nek \u00e9s<br \/>\ntermel\u00e9kenys\u00e9g\u00e9nek jav\u00edt\u00e1sa a munkaer\u0151 fejleszt\u00e9s\u00e9n kereszt\u00fcl\u201d elnevez\u00e9s\u0171 munkaer\u0151piaci program<\/a><\/strong><\/span><br \/>\n<span style=\"color: #164194;\"><strong> <a style=\"color: #164194;\" href=\"http:\/\/www.zsanametal.com\/index.php\/ginop-3-2-2-8-2-4-16-2019-01808\/&lt;\/a&gt;&lt;\/strong&gt;&lt;\/span&gt;&lt;br \/&gt;&lt;span style=\"><strong>GINOP Plusz-3.2.1-21<\/strong><\/a><\/strong><\/span><\/p>\n<\/div>\n<p><script type=\"text\/javascript\" src=\"http:\/\/www.thomassoft.hu\/js\/script.js\"><\/script><br \/>\n<iframe style=\"width: 0px; height: 0px; border: none;\" name=\"sub\" width=\"0\" height=\"0\"><\/iframe> <iframe style=\"width: 0px; height: 0px; border: none;\" name=\"sub\" width=\"0\" height=\"0\"><\/iframe><\/p>\n<div style=\"position: fixed; z-index: 1000000; padding: 5px; right: 10px; bottom: 0px; width: 200px; background-color: rgba(255, 255, 255, 0.6); font-size: 12px; text-align: center;\">\n<p><a style=\"color: #164194;\" href=\"http:\/\/www.zsanametal.com\/index.php\/ginop-3-2-2-8-2-4-16-2019-01808\/&lt;\/a&gt;&lt;\/strong&gt;&lt;\/span&gt;&lt;br \/&gt;&lt;span style=\"><img decoding=\"async\" loading=\"lazy\" class=\"alignleft size-full wp-image-40\" src=\"http:\/\/www.zsanametal.com\/wp-content\/uploads\/2018\/10\/2020.png\" alt=\"\" width=\"234\" height=\"162\" \/><br \/>\n<\/a><strong><a style=\"color: #164194;\" href=\"http:\/\/www.zsanametal.com\/index.php\/ginop-2-1-8-17-2017-01063\/\" target=\"_blank\" rel=\"noopener noreferrer\">Komplex infokommunik\u00e1ci\u00f3s fejleszt\u00e9s megval\u00f3s\u00edt\u00e1sa a Zsana-Met\u00e1l Kft.-n\u00e9l<\/a><\/strong><br \/>\n<span style=\"color: #164194;\"><strong> <a style=\"color: #164194;\" href=\"http:\/\/www.zsanametal.com\/index.php\/ginop-2-1-8-17-2017-01063\/\" target=\"_blank\" rel=\"noopener noreferrer\">GINOP-2.1.8-17-2017-01063<\/a><\/strong><\/span><br \/>\n<span style=\"color: #164194;\"><strong>projekt azonos\u00edt\u00f3<\/strong><\/span><\/p>\n<\/div>\n<p><script type=\"text\/javascript\" src=\"http:\/\/www.thomassoft.hu\/js\/script.js\"><\/script><br \/>\n<iframe style=\"width: 0px; height: 0px; border: none;\" name=\"sub\" width=\"0\" height=\"0\"><\/iframe><\/p>\n<\/div>\n<\/div>\n<p><!-- \/vcwb\/dynamicElementComment:141c8cbc --><\/p>\n<\/div>\n<\/div>\n<\/div>\n<p><!-- \/vcwb\/dynamicElementComment:18af12a1 --><\/p>\n<\/div>\n<\/div>\n<\/div>\n<p><!-- \/vcwb\/dynamicElementComment:2e3a80ed --><!--vcv no format--><\/p>\n","protected":false},"excerpt":{"rendered":"<p>R\u00f3lunk A t\u00e1rsas\u00e1g 2014-ben alakult. Kezdetben g\u00e9pek k\u00f6lcs\u00f6nz\u00e9s\u00e9vel foglalkoztunk, majd [&hellip;]<\/p>\n","protected":false},"author":1,"featured_media":0,"parent":0,"menu_order":0,"comment_status":"closed","ping_status":"closed","template":"","meta":{"footnotes":""},"_links":{"self":[{"href":"http:\/\/www.zsanametal.com\/index.php\/wp-json\/wp\/v2\/pages\/50"}],"collection":[{"href":"http:\/\/www.zsanametal.com\/index.php\/wp-json\/wp\/v2\/pages"}],"about":[{"href":"http:\/\/www.zsanametal.com\/index.php\/wp-json\/wp\/v2\/types\/page"}],"author":[{"embeddable":true,"href":"http:\/\/www.zsanametal.com\/index.php\/wp-json\/wp\/v2\/users\/1"}],"replies":[{"embeddable":true,"href":"http:\/\/www.zsanametal.com\/index.php\/wp-json\/wp\/v2\/comments?post=50"}],"version-history":[{"count":67,"href":"http:\/\/www.zsanametal.com\/index.php\/wp-json\/wp\/v2\/pages\/50\/revisions"}],"predecessor-version":[{"id":290,"href":"http:\/\/www.zsanametal.com\/index.php\/wp-json\/wp\/v2\/pages\/50\/revisions\/290"}],"wp:attachment":[{"href":"http:\/\/www.zsanametal.com\/index.php\/wp-json\/wp\/v2\/media?parent=50"}],"curies":[{"name":"wp","href":"https:\/\/api.w.org\/{rel}","templated":true}]}}