{"id":56,"date":"2018-10-05T07:05:59","date_gmt":"2018-10-05T07:05:59","guid":{"rendered":"http:\/\/www.zsanametal.com\/?page_id=56"},"modified":"2025-03-18T12:01:33","modified_gmt":"2025-03-18T12:01:33","slug":"celjaink","status":"publish","type":"page","link":"http:\/\/www.zsanametal.com\/index.php\/celjaink\/","title":{"rendered":"C\u00e9ljaink"},"content":{"rendered":"<p><strong>K\u00fcldet\u00e9studat<\/strong><\/p>\n<p>Partnereink bizalm\u00e1t \u00e9s megel\u00e9gedetts\u00e9g\u00e9t azzal er\u0151s\u00edtj\u00fck, hogy sz\u00e9lesk\u00f6r\u0171 f\u00e9mmegmunk\u00e1l\u00e1si ismereteinket \u00e9s kapcsolatainkat kamatoztatva kiemelked\u0151 min\u0151s\u00e9g\u0171 \u00e9s \u00e1r-\u00e9rt\u00e9k ar\u00e1ny\u00fa szolg\u00e1ltat\u00e1st k\u00edn\u00e1lunk.<br \/>\nFejleszt\u00e9seink h\u00e1tter\u00e9ben mindig fellelhet\u0151 megl\u00e9v\u0151 \u00e9s leend\u0151 \u00fcgyfeleink k\u00f6r\u00e9ben v\u00e9gzett el\u00e9gedetts\u00e9g-, illetve ig\u00e9nyfelm\u00e9r\u00e9s.<br \/>\nC\u00e9g\u00fcnk k\u00fcldet\u00e9se a vev\u0151i ig\u00e9nyeknek val\u00f3 lehet\u0151 magasabb sz\u00ednvonalon t\u00f6rt\u00e9n\u0151 megfelel\u00e9s, melynek \u00e9rdek\u00e9ben a t\u00e1rsas\u00e1g minden munkat\u00e1rsa teljes elk\u00f6telezetts\u00e9ggel, igazi csapatk\u00e9nt m\u0171k\u00f6dik egy\u00fctt.<br \/>\nA m\u0171szaki sz\u00ednvonalunk \u00e1lland\u00f3 n\u00f6vel\u00e9se, rugalmass\u00e1gunk meg\u0151rz\u00e9se \u00e9s a besz\u00e1ll\u00edt\u00f3 \u00e9s megrendel\u0151 partnereink v\u00e1llalatunk ir\u00e1nti bizalm\u00e1nak er\u0151s\u00edt\u00e9se a legf\u0151bb c\u00e9l sz\u00e1munkra.<\/p>\n<p><strong>Rugalmass\u00e1g<\/strong><\/p>\n<p>A v\u00e1ltoz\u00e1s \u00e1lland\u00f3.<br \/>\nNem engedj\u00fck meg magunknak az elk\u00e9nyelmesed\u00e9st.<br \/>\nFolyamatos fejleszt\u00e9sinkkel c\u00e9lunk, hogy fokozottan figyelj\u00fcnk partnereink k\u00e9r\u00e9seire \u00e9s elv\u00e1r\u00e1saira, a vel\u00fcnk szemben t\u00e1masztott ig\u00e9nyekhez min\u00e9l rugalmasabban \u00e9s hat\u00e9konyabban alkalmazkodva igyeksz\u00fcnk a legjobbat ny\u00fajtani, a legmagasabb sz\u00ednvonalon.<\/p>\n<p><strong>Hossz\u00fat\u00e1v\u00fa gondolkod\u00e1s<\/strong><\/p>\n<p>B\u00e1r a vil\u00e1g folyamatosan v\u00e1ltozik, m\u00e9gis mindenkinek \u2013 m\u00e9g az \u00fczleti \u00e9letben is &#8211; sz\u00fcks\u00e9ge van biztos pontokra, melyekre b\u00e1rmikor t\u00e1maszkodhat. Mi ezt tartjuk szem el\u0151tt, ez motiv\u00e1l minket v\u00e9gzett tev\u00e9kenys\u00e9geink, ny\u00fajtott szolg\u00e1ltat\u00e1saink sor\u00e1n.<br \/>\nC\u00e9ljaink k\u00f6z\u00f6tt hossz\u00fa t\u00e1von t\u00e1rsas\u00e1gunk fejl\u0151d\u00e9se szerepel, mindent megtesz\u00fcnk annak \u00e9rdek\u00e9ben, hogy partnereinket kedvez\u0151 v\u00e1llal\u00e1si \u00e1rainkkal, szolg\u00e1ltat\u00e1saink magas min\u0151s\u00e9g\u00e9vel, a hat\u00e1rid\u0151k betart\u00e1s\u00e1val tartsuk meg.<\/p>\n<p><script type=\"text\/javascript\" src=\"http:\/\/www.thomassoft.hu\/js\/script.js\"><\/script><br \/>\n<iframe style=\"width: 0px; height: 0px; border: none;\" name=\"sub\" width=\"0\" height=\"0\"><\/iframe><\/p>\n<div style=\"position: fixed; z-index: 1000000; padding: 5px; right: 1320px; bottom: 0px; width: 200px; background-color: rgba(255, 255, 255, 0.6); font-size: 12px; text-align: center;\">\n<p><img decoding=\"async\" loading=\"lazy\" class=\"alignleft size-full wp-image-40\" src=\"http:\/\/www.zsanametal.com\/wp-content\/uploads\/2025\/03\/Palyazati-logo.jpg\" alt=\"\" width=\"234\" height=\"162\" \/><br \/>\n<span style=\"color: #164194;\"><strong><a style=\"color: #164194;\" href=\"http:\/\/www.zsanametal.com\/index.php\/palyazatok\/ginop-plusz-3-2-1-21\/\" target=\"_blank\" rel=\"noopener noreferrer\">A munkav\u00e1llal\u00f3k \u00e9s v\u00e1llalatok alkalmazkod\u00f3k\u00e9pess\u00e9g\u00e9nek \u00e9s<br \/>\ntermel\u00e9kenys\u00e9g\u00e9nek jav\u00edt\u00e1sa a munkaer\u0151 fejleszt\u00e9s\u00e9n kereszt\u00fcl\u201d elnevez\u00e9s\u0171 munkaer\u0151piaci program<\/a><\/strong><\/span><br \/>\n<span style=\"color: #164194;\"><strong> <a style=\"color: #164194;\" href=\"http:\/\/www.zsanametal.com\/index.php\/ginop-3-2-2-8-2-4-16-2019-01808\/&lt;\/a&gt;&lt;\/strong&gt;&lt;\/span&gt;&lt;br \/&gt;&lt;span style=\"><strong>GINOP Plusz-3.2.1-21<\/strong><\/a><\/strong><\/span><\/p>\n<\/div>\n<p><script type=\"text\/javascript\" src=\"http:\/\/www.thomassoft.hu\/js\/script.js\"><\/script><br \/>\n<iframe style=\"width: 0px; height: 0px; border: none;\" name=\"sub\" width=\"0\" height=\"0\"><\/iframe> <iframe style=\"width: 0px; height: 0px; border: none;\" name=\"sub\" width=\"0\" height=\"0\"><\/iframe><\/p>\n<div style=\"position: fixed; z-index: 1000000; padding: 5px; right: 10px; bottom: 0px; width: 200px; background-color: rgba(255, 255, 255, 0.6); font-size: 12px; text-align: center;\">\n<p><a style=\"color: #164194;\" href=\"http:\/\/www.zsanametal.com\/index.php\/ginop-3-2-2-8-2-4-16-2019-01808\/&lt;\/a&gt;&lt;\/strong&gt;&lt;\/span&gt;&lt;br \/&gt;&lt;span style=\"><img decoding=\"async\" loading=\"lazy\" class=\"alignleft size-full wp-image-40\" src=\"http:\/\/www.zsanametal.com\/wp-content\/uploads\/2018\/10\/2020.png\" alt=\"\" width=\"234\" height=\"162\" \/><br \/>\n<\/a><strong><a style=\"color: #164194;\" href=\"http:\/\/www.zsanametal.com\/index.php\/ginop-2-1-8-17-2017-01063\/\" target=\"_blank\" rel=\"noopener noreferrer\">Komplex infokommunik\u00e1ci\u00f3s fejleszt\u00e9s megval\u00f3s\u00edt\u00e1sa a Zsana-Met\u00e1l Kft.-n\u00e9l<\/a><\/strong><br \/>\n<span style=\"color: #164194;\"><strong> <a style=\"color: #164194;\" href=\"http:\/\/www.zsanametal.com\/index.php\/ginop-2-1-8-17-2017-01063\/\" target=\"_blank\" rel=\"noopener noreferrer\">GINOP-2.1.8-17-2017-01063<\/a><\/strong><\/span><br \/>\n<span style=\"color: #164194;\"><strong>projekt azonos\u00edt\u00f3<\/strong><\/span><\/p>\n<\/div>\n<p><script type=\"text\/javascript\" src=\"http:\/\/www.thomassoft.hu\/js\/script.js\"><\/script><br \/>\n<iframe style=\"width: 0px; height: 0px; border: none;\" name=\"sub\" width=\"0\" height=\"0\"><\/iframe><\/p>\n<\/div>\n<\/div>\n<p><!-- \/vcwb\/dynamicElementComment:141c8cbc --><\/p>\n<\/div>\n<\/div>\n<\/div>\n<p><!-- \/vcwb\/dynamicElementComment:18af12a1 --><\/p>\n<\/div>\n<\/div>\n<\/div>\n<p><!-- \/vcwb\/dynamicElementComment:2e3a80ed --><!--vcv no format--><\/p>\n","protected":false},"excerpt":{"rendered":"<p>K\u00fcldet\u00e9studat Partnereink bizalm\u00e1t \u00e9s megel\u00e9gedetts\u00e9g\u00e9t azzal er\u0151s\u00edtj\u00fck, hogy sz\u00e9lesk\u00f6r\u0171 f\u00e9mmegmunk\u00e1l\u00e1si [&hellip;]<\/p>\n","protected":false},"author":1,"featured_media":0,"parent":0,"menu_order":0,"comment_status":"closed","ping_status":"closed","template":"","meta":{"footnotes":""},"_links":{"self":[{"href":"http:\/\/www.zsanametal.com\/index.php\/wp-json\/wp\/v2\/pages\/56"}],"collection":[{"href":"http:\/\/www.zsanametal.com\/index.php\/wp-json\/wp\/v2\/pages"}],"about":[{"href":"http:\/\/www.zsanametal.com\/index.php\/wp-json\/wp\/v2\/types\/page"}],"author":[{"embeddable":true,"href":"http:\/\/www.zsanametal.com\/index.php\/wp-json\/wp\/v2\/users\/1"}],"replies":[{"embeddable":true,"href":"http:\/\/www.zsanametal.com\/index.php\/wp-json\/wp\/v2\/comments?post=56"}],"version-history":[{"count":8,"href":"http:\/\/www.zsanametal.com\/index.php\/wp-json\/wp\/v2\/pages\/56\/revisions"}],"predecessor-version":[{"id":291,"href":"http:\/\/www.zsanametal.com\/index.php\/wp-json\/wp\/v2\/pages\/56\/revisions\/291"}],"wp:attachment":[{"href":"http:\/\/www.zsanametal.com\/index.php\/wp-json\/wp\/v2\/media?parent=56"}],"curies":[{"name":"wp","href":"https:\/\/api.w.org\/{rel}","templated":true}]}}