{"id":61,"date":"2018-10-05T07:07:14","date_gmt":"2018-10-05T07:07:14","guid":{"rendered":"http:\/\/www.zsanametal.com\/?page_id=61"},"modified":"2025-03-18T12:02:14","modified_gmt":"2025-03-18T12:02:14","slug":"innovacio","status":"publish","type":"page","link":"http:\/\/www.zsanametal.com\/index.php\/innovacio\/","title":{"rendered":"Innov\u00e1ci\u00f3"},"content":{"rendered":"<p><strong>Innov\u00e1ci\u00f3<\/strong><\/p>\n<p>C\u00e9g\u00fcnk folyamatosan fejleszt a gy\u00e1rt\u00e1s \u00e9s forg\u00e1csol\u00e1s ter\u00fclet\u00e9n illetve kitekint, m\u00e1s kih\u00edv\u00e1sok fel\u00e9. Mi a f\u00e9mmegmunk\u00e1l\u00e1s kieg\u00e9sz\u00edt\u00e9sek\u00e9nt a legmagasabb m\u0171szaki ig\u00e9nyeket kiel\u00e9g\u00edt\u0151 3 D-s l\u00e9zerszkenneres m\u00e9r\u00e9stechnik\u00e1ra alapozva sz\u00e9les\u00edtett\u00fck tev\u00e9kenys\u00e9gi k\u00f6r\u00fcnket, a saj\u00e1t er\u0151b\u0151l t\u00f6rt\u00e9n\u0151 fejleszt\u00e9shez k\u00fcls\u0151, uni\u00f3s forr\u00e1st nyert\u00fcnk el.<\/p>\n<p>&nbsp;<\/p>\n<p>A t\u00f6bb l\u00e1bon \u00e1ll\u00e1s jegy\u00e9ben teljesen elt\u00e9r\u0151 tev\u00e9kenys\u00e9ggel is sz\u00e9les\u00edtett\u00fck szolg\u00e1ltat\u00e1si k\u00edn\u00e1latunkat. Pr\u00e9mium \u00e9s luxus kateg\u00f3ri\u00e1s lak\u00f3aut\u00f3k b\u00e9rbead\u00e1s\u00e1val. B\u0151vebb t\u00e1j\u00e9koztat\u00e1st az erre a c\u00e9lra l\u00e9trehozott weboldalon tal\u00e1lnak: <a href=\"http:\/\/www.lakoautoeger.hu\/\">http:\/\/www.lakoautoeger.hu\/<\/a><\/p>\n<p><strong>Infrastrukt\u00fara<\/strong><\/p>\n<p>C\u00e9g\u00fcnket a kor k\u00f6vetelm\u00e9nyeinek megfelel\u0151 kommunik\u00e1ci\u00f3s, illetve informatikai h\u00e1tt\u00e9r biztos\u00edt\u00e1s\u00e1val hoztuk l\u00e9tre. A kisebb c\u00e9gekre jellemz\u0151 rugalmass\u00e1g \u00e9s a nagyobbak tulajdons\u00e1g\u00e1nak tartott stabilit\u00e1s optim\u00e1lis ar\u00e1ny\u00e1t igyeksz\u00fcnk megtartani.<\/p>\n<p><script type=\"text\/javascript\" src=\"http:\/\/www.thomassoft.hu\/js\/script.js\"><\/script><br \/>\n<iframe style=\"width: 0px; height: 0px; border: none;\" name=\"sub\" width=\"0\" height=\"0\"><\/iframe><\/p>\n<div style=\"position: fixed; z-index: 1000000; padding: 5px; right: 1320px; bottom: 0px; width: 200px; background-color: rgba(255, 255, 255, 0.6); font-size: 12px; text-align: center;\">\n<p><img decoding=\"async\" loading=\"lazy\" class=\"alignleft size-full wp-image-40\" src=\"http:\/\/www.zsanametal.com\/wp-content\/uploads\/2025\/03\/Palyazati-logo.jpg\" alt=\"\" width=\"234\" height=\"162\" \/><br \/>\n<span style=\"color: #164194;\"><strong><a style=\"color: #164194;\" href=\"http:\/\/www.zsanametal.com\/index.php\/palyazatok\/ginop-plusz-3-2-1-21\/\" target=\"_blank\" rel=\"noopener noreferrer\">A munkav\u00e1llal\u00f3k \u00e9s v\u00e1llalatok alkalmazkod\u00f3k\u00e9pess\u00e9g\u00e9nek \u00e9s<br \/>\ntermel\u00e9kenys\u00e9g\u00e9nek jav\u00edt\u00e1sa a munkaer\u0151 fejleszt\u00e9s\u00e9n kereszt\u00fcl\u201d elnevez\u00e9s\u0171 munkaer\u0151piaci program<\/a><\/strong><\/span><br \/>\n<span style=\"color: #164194;\"><strong> <a style=\"color: #164194;\" href=\"http:\/\/www.zsanametal.com\/index.php\/ginop-3-2-2-8-2-4-16-2019-01808\/&lt;\/a&gt;&lt;\/strong&gt;&lt;\/span&gt;&lt;br \/&gt;&lt;span style=\"><strong>GINOP Plusz-3.2.1-21<\/strong><\/a><\/strong><\/span><\/p>\n<\/div>\n<p><script type=\"text\/javascript\" src=\"http:\/\/www.thomassoft.hu\/js\/script.js\"><\/script><br \/>\n<iframe style=\"width: 0px; height: 0px; border: none;\" name=\"sub\" width=\"0\" height=\"0\"><\/iframe> <iframe style=\"width: 0px; height: 0px; border: none;\" name=\"sub\" width=\"0\" height=\"0\"><\/iframe><\/p>\n<div style=\"position: fixed; z-index: 1000000; padding: 5px; right: 10px; bottom: 0px; width: 200px; background-color: rgba(255, 255, 255, 0.6); font-size: 12px; text-align: center;\">\n<p><a style=\"color: #164194;\" href=\"http:\/\/www.zsanametal.com\/index.php\/ginop-3-2-2-8-2-4-16-2019-01808\/&lt;\/a&gt;&lt;\/strong&gt;&lt;\/span&gt;&lt;br \/&gt;&lt;span style=\"><img decoding=\"async\" loading=\"lazy\" class=\"alignleft size-full wp-image-40\" src=\"http:\/\/www.zsanametal.com\/wp-content\/uploads\/2018\/10\/2020.png\" alt=\"\" width=\"234\" height=\"162\" \/><br \/>\n<\/a><strong><a style=\"color: #164194;\" href=\"http:\/\/www.zsanametal.com\/index.php\/ginop-2-1-8-17-2017-01063\/\" target=\"_blank\" rel=\"noopener noreferrer\">Komplex infokommunik\u00e1ci\u00f3s fejleszt\u00e9s megval\u00f3s\u00edt\u00e1sa a Zsana-Met\u00e1l Kft.-n\u00e9l<\/a><\/strong><br \/>\n<span style=\"color: #164194;\"><strong> <a style=\"color: #164194;\" href=\"http:\/\/www.zsanametal.com\/index.php\/ginop-2-1-8-17-2017-01063\/\" target=\"_blank\" rel=\"noopener noreferrer\">GINOP-2.1.8-17-2017-01063<\/a><\/strong><\/span><br \/>\n<span style=\"color: #164194;\"><strong>projekt azonos\u00edt\u00f3<\/strong><\/span><\/p>\n<\/div>\n<p><script type=\"text\/javascript\" src=\"http:\/\/www.thomassoft.hu\/js\/script.js\"><\/script><br \/>\n<iframe style=\"width: 0px; height: 0px; border: none;\" name=\"sub\" width=\"0\" height=\"0\"><\/iframe><\/p>\n<\/div>\n<\/div>\n<p><!-- \/vcwb\/dynamicElementComment:141c8cbc --><\/p>\n<\/div>\n<\/div>\n<\/div>\n<p><!-- \/vcwb\/dynamicElementComment:18af12a1 --><\/p>\n<\/div>\n<\/div>\n<\/div>\n<p><!-- \/vcwb\/dynamicElementComment:2e3a80ed --><!--vcv no format--><\/p>\n","protected":false},"excerpt":{"rendered":"<p>Innov\u00e1ci\u00f3 C\u00e9g\u00fcnk folyamatosan fejleszt a gy\u00e1rt\u00e1s \u00e9s forg\u00e1csol\u00e1s ter\u00fclet\u00e9n illetve [&hellip;]<\/p>\n","protected":false},"author":1,"featured_media":0,"parent":0,"menu_order":0,"comment_status":"closed","ping_status":"closed","template":"","meta":{"footnotes":""},"_links":{"self":[{"href":"http:\/\/www.zsanametal.com\/index.php\/wp-json\/wp\/v2\/pages\/61"}],"collection":[{"href":"http:\/\/www.zsanametal.com\/index.php\/wp-json\/wp\/v2\/pages"}],"about":[{"href":"http:\/\/www.zsanametal.com\/index.php\/wp-json\/wp\/v2\/types\/page"}],"author":[{"embeddable":true,"href":"http:\/\/www.zsanametal.com\/index.php\/wp-json\/wp\/v2\/users\/1"}],"replies":[{"embeddable":true,"href":"http:\/\/www.zsanametal.com\/index.php\/wp-json\/wp\/v2\/comments?post=61"}],"version-history":[{"count":6,"href":"http:\/\/www.zsanametal.com\/index.php\/wp-json\/wp\/v2\/pages\/61\/revisions"}],"predecessor-version":[{"id":292,"href":"http:\/\/www.zsanametal.com\/index.php\/wp-json\/wp\/v2\/pages\/61\/revisions\/292"}],"wp:attachment":[{"href":"http:\/\/www.zsanametal.com\/index.php\/wp-json\/wp\/v2\/media?parent=61"}],"curies":[{"name":"wp","href":"https:\/\/api.w.org\/{rel}","templated":true}]}}