{"id":64,"date":"2018-10-05T07:07:48","date_gmt":"2018-10-05T07:07:48","guid":{"rendered":"http:\/\/www.zsanametal.com\/?page_id=64"},"modified":"2025-03-18T12:02:55","modified_gmt":"2025-03-18T12:02:55","slug":"partnerek","status":"publish","type":"page","link":"http:\/\/www.zsanametal.com\/index.php\/partnerek\/","title":{"rendered":"Partnerek"},"content":{"rendered":"<p><strong>Partnerek<\/strong><\/p>\n<p>C\u00e9g\u00fcnk m\u0171k\u00f6d\u00e9se alatt megb\u00edzhat\u00f3 alv\u00e1llalkoz\u00f3i kapcsolatrendszert alak\u00edtott ki, \u00edgy a saj\u00e1t eszk\u00f6zeivel el nem v\u00e9gezhet\u0151 munkaf\u00e1zisokat is k\u00e9pes kivitelezni.<\/p>\n<p>Az alv\u00e1llalkoz\u00f3k \u00e1ltal elv\u00e9gzett munk\u00e1ra ugyanazt a magas min\u0151s\u00e9get v\u00e1llaljuk, mint a saj\u00e1tunkra.<\/p>\n<p>Min\u0151s\u00e9gi term\u00e9keket csak min\u0151s\u00e9gi eszk\u00f6z\u00f6kkel \u00e9s szolg\u00e1ltat\u00e1sny\u00fajt\u00e1ssal lehet k\u00e9sz\u00edteni. A magas min\u0151s\u00e9get a t\u00e1rsas\u00e1g b\u00e9relt, illetve saj\u00e1t tulajdon\u00fa, eur\u00f3pai k\u00f6vetelm\u00e9nyeket kiel\u00e9g\u00edt\u0151 modern eszk\u00f6zparkja, valamint a megfelel\u0151 k\u00e9pzetts\u00e9g\u0171, nagyfok\u00fa szakmai tapasztalattal rendelkez\u0151 munkat\u00e1rsak \u00e1ltal ny\u00fajtott szolg\u00e1ltat\u00e1sok garant\u00e1lj\u00e1k.<\/p>\n<p><script type=\"text\/javascript\" src=\"http:\/\/www.thomassoft.hu\/js\/script.js\"><\/script><br \/>\n<iframe style=\"width: 0px; height: 0px; border: none;\" name=\"sub\" width=\"0\" height=\"0\"><\/iframe><\/p>\n<div style=\"position: fixed; z-index: 1000000; padding: 5px; right: 1320px; bottom: 0px; width: 200px; background-color: rgba(255, 255, 255, 0.6); font-size: 12px; text-align: center;\">\n<p><img decoding=\"async\" loading=\"lazy\" class=\"alignleft size-full wp-image-40\" src=\"http:\/\/www.zsanametal.com\/wp-content\/uploads\/2025\/03\/Palyazati-logo.jpg\" alt=\"\" width=\"234\" height=\"162\" \/><br \/>\n<span style=\"color: #164194;\"><strong><a style=\"color: #164194;\" href=\"http:\/\/www.zsanametal.com\/index.php\/palyazatok\/ginop-plusz-3-2-1-21\/\" target=\"_blank\" rel=\"noopener noreferrer\">A munkav\u00e1llal\u00f3k \u00e9s v\u00e1llalatok alkalmazkod\u00f3k\u00e9pess\u00e9g\u00e9nek \u00e9s<br \/>\ntermel\u00e9kenys\u00e9g\u00e9nek jav\u00edt\u00e1sa a munkaer\u0151 fejleszt\u00e9s\u00e9n kereszt\u00fcl\u201d elnevez\u00e9s\u0171 munkaer\u0151piaci program<\/a><\/strong><\/span><br \/>\n<span style=\"color: #164194;\"><strong> <a style=\"color: #164194;\" href=\"http:\/\/www.zsanametal.com\/index.php\/ginop-3-2-2-8-2-4-16-2019-01808\/&lt;\/a&gt;&lt;\/strong&gt;&lt;\/span&gt;&lt;br \/&gt;&lt;span style=\"><strong>GINOP Plusz-3.2.1-21<\/strong><\/a><\/strong><\/span><\/p>\n<\/div>\n<p><script type=\"text\/javascript\" src=\"http:\/\/www.thomassoft.hu\/js\/script.js\"><\/script><br \/>\n<iframe style=\"width: 0px; height: 0px; border: none;\" name=\"sub\" width=\"0\" height=\"0\"><\/iframe> <iframe style=\"width: 0px; height: 0px; border: none;\" name=\"sub\" width=\"0\" height=\"0\"><\/iframe><\/p>\n<div style=\"position: fixed; z-index: 1000000; padding: 5px; right: 10px; bottom: 0px; width: 200px; background-color: rgba(255, 255, 255, 0.6); font-size: 12px; text-align: center;\">\n<p><a style=\"color: #164194;\" href=\"http:\/\/www.zsanametal.com\/index.php\/ginop-3-2-2-8-2-4-16-2019-01808\/&lt;\/a&gt;&lt;\/strong&gt;&lt;\/span&gt;&lt;br \/&gt;&lt;span style=\"><img decoding=\"async\" loading=\"lazy\" class=\"alignleft size-full wp-image-40\" src=\"http:\/\/www.zsanametal.com\/wp-content\/uploads\/2018\/10\/2020.png\" alt=\"\" width=\"234\" height=\"162\" \/><br \/>\n<\/a><strong><a style=\"color: #164194;\" href=\"http:\/\/www.zsanametal.com\/index.php\/ginop-2-1-8-17-2017-01063\/\" target=\"_blank\" rel=\"noopener noreferrer\">Komplex infokommunik\u00e1ci\u00f3s fejleszt\u00e9s megval\u00f3s\u00edt\u00e1sa a Zsana-Met\u00e1l Kft.-n\u00e9l<\/a><\/strong><br \/>\n<span style=\"color: #164194;\"><strong> <a style=\"color: #164194;\" href=\"http:\/\/www.zsanametal.com\/index.php\/ginop-2-1-8-17-2017-01063\/\" target=\"_blank\" rel=\"noopener noreferrer\">GINOP-2.1.8-17-2017-01063<\/a><\/strong><\/span><br \/>\n<span style=\"color: #164194;\"><strong>projekt azonos\u00edt\u00f3<\/strong><\/span><\/p>\n<\/div>\n<p><script type=\"text\/javascript\" src=\"http:\/\/www.thomassoft.hu\/js\/script.js\"><\/script><br \/>\n<iframe style=\"width: 0px; height: 0px; border: none;\" name=\"sub\" width=\"0\" height=\"0\"><\/iframe><\/p>\n<\/div>\n<\/div>\n<p><!-- \/vcwb\/dynamicElementComment:141c8cbc --><\/p>\n<\/div>\n<\/div>\n<\/div>\n<p><!-- \/vcwb\/dynamicElementComment:18af12a1 --><\/p>\n<\/div>\n<\/div>\n<\/div>\n<p><!-- \/vcwb\/dynamicElementComment:2e3a80ed --><!--vcv no format--><\/p>\n","protected":false},"excerpt":{"rendered":"<p>Partnerek C\u00e9g\u00fcnk m\u0171k\u00f6d\u00e9se alatt megb\u00edzhat\u00f3 alv\u00e1llalkoz\u00f3i kapcsolatrendszert alak\u00edtott ki, \u00edgy [&hellip;]<\/p>\n","protected":false},"author":1,"featured_media":0,"parent":0,"menu_order":0,"comment_status":"closed","ping_status":"closed","template":"","meta":{"footnotes":""},"_links":{"self":[{"href":"http:\/\/www.zsanametal.com\/index.php\/wp-json\/wp\/v2\/pages\/64"}],"collection":[{"href":"http:\/\/www.zsanametal.com\/index.php\/wp-json\/wp\/v2\/pages"}],"about":[{"href":"http:\/\/www.zsanametal.com\/index.php\/wp-json\/wp\/v2\/types\/page"}],"author":[{"embeddable":true,"href":"http:\/\/www.zsanametal.com\/index.php\/wp-json\/wp\/v2\/users\/1"}],"replies":[{"embeddable":true,"href":"http:\/\/www.zsanametal.com\/index.php\/wp-json\/wp\/v2\/comments?post=64"}],"version-history":[{"count":6,"href":"http:\/\/www.zsanametal.com\/index.php\/wp-json\/wp\/v2\/pages\/64\/revisions"}],"predecessor-version":[{"id":293,"href":"http:\/\/www.zsanametal.com\/index.php\/wp-json\/wp\/v2\/pages\/64\/revisions\/293"}],"wp:attachment":[{"href":"http:\/\/www.zsanametal.com\/index.php\/wp-json\/wp\/v2\/media?parent=64"}],"curies":[{"name":"wp","href":"https:\/\/api.w.org\/{rel}","templated":true}]}}