{"id":80,"date":"2018-10-05T09:44:48","date_gmt":"2018-10-05T09:44:48","guid":{"rendered":"http:\/\/www.zsanametal.com\/?page_id=80"},"modified":"2022-06-14T08:24:33","modified_gmt":"2022-06-14T08:24:33","slug":"ginop-2-1-8-17-2017-01063","status":"publish","type":"page","link":"http:\/\/www.zsanametal.com\/index.php\/ginop-2-1-8-17-2017-01063\/","title":{"rendered":"GINOP-2.1.8-17-2017-01063"},"content":{"rendered":"<p>Kedvezm\u00e9nyezett neve:&nbsp; &nbsp; &nbsp; &nbsp; &nbsp; &nbsp; &nbsp; &nbsp; &nbsp; &nbsp;ZSANA-MET\u00c1L KFT.<\/p>\n<p>Projekt c\u00edme:&nbsp; &nbsp; &nbsp; &nbsp; &nbsp; &nbsp; &nbsp; &nbsp; &nbsp; &nbsp; &nbsp; &nbsp; &nbsp; &nbsp; &nbsp; &nbsp; &nbsp; &nbsp; &nbsp;M\u00c9R\u00c9SI TECHNOL\u00d3GIA FEJLESZT\u00c9SE INNOVAT\u00cdV MEGOLD\u00c1SSAL A ZSANA-MET\u00c1L KFT-N\u00c9L<\/p>\n<p>T\u00e1mogat\u00e1s \u00f6sszege:&nbsp; &nbsp; &nbsp; &nbsp; &nbsp; &nbsp; &nbsp; &nbsp; &nbsp; &nbsp; &nbsp; &nbsp; &nbsp;11 599 997,- Ft<\/p>\n<p>T\u00e1mogat\u00e1s m\u00e9rt\u00e9ke:&nbsp; &nbsp; &nbsp; &nbsp; &nbsp; &nbsp; &nbsp; &nbsp; &nbsp; &nbsp; &nbsp; &nbsp; 40 %<\/p>\n<p>Projekt tartalm\u00e1nak r\u00f6vid bemutat\u00e1sa:<\/p>\n<p>A Zsana-Met\u00e1l Kft. erd\u0151teleki telephely\u00e9n 1 db MetraSCAN 750 3D l\u00e9zerszkennert v\u00e1s\u00e1rolt meg a Sz\u00e9chenyi 2020 program keret\u00e9ben elnyert 11,6 milli\u00f3 forintos vissza nem t\u00e9r\u00edtend\u0151 t\u00e1mogat\u00e1s seg\u00edts\u00e9g\u00e9vel.<\/p>\n<p>A projekt \u00fajdons\u00e1gtartalma:<\/p>\n<p>A t\u00e1rsas\u00e1g projekt megval\u00f3s\u00edt\u00e1s\u00e1val el\u00e9rni k\u00edv\u00e1nt c\u00e9lja, hogy olyan \u00faj szolg\u00e1ltat\u00e1sokkal jelenhessen meg a piacon, amelyek nem csak, hogy magasabb hozz\u00e1adott \u00e9rt\u00e9ket k\u00e9pviselnek, mint az eddigi szolg\u00e1ltat\u00e1sai, hanem min\u0151s\u00e9g\u00e9t tekintve alkalmas b\u00e1rmilyen besz\u00e1ll\u00edt\u00f3i min\u0151s\u00edt\u00e9sen meg\u00e1llni a hely\u00e9t. \u00cdgy a fejleszt\u00e9s c\u00e9lja, a hegesztett term\u00e9kek forg\u00e1csol\u00e1s\u00e1hoz kapcsol\u00f3d\u00f3an, a min\u0151s\u00e9gellen\u0151rz\u00e9si tev\u00e9kenys\u00e9g fejleszt\u00e9se, a m\u00e9retek ellen\u0151rz\u00e9se, bizonylatol\u00e1sa.<\/p>\n<p><iframe style=\"width: 0px; height: 0px; border: none;\" name=\"sub\" width=\"0\" height=\"0\"><\/iframe> <iframe style=\"width: 0px; height: 0px; border: none;\" name=\"sub\" width=\"0\" height=\"0\"><\/iframe><\/p>\n<div style=\"position: fixed; z-index: 1000000; padding: 5px; right: 10px; bottom: 0px; width: 200px; background-color: rgba(255, 255, 255, 0.6); font-size: 12px; text-align: center;\">\n<p><a style=\"color: #164194;\" href=\"http:\/\/www.zsanametal.com\/index.php\/ginop-3-2-2-8-2-4-16-2019-01808\/&lt;\/a&gt;&lt;\/strong&gt;&lt;\/span&gt;&lt;br \/&gt; &lt;span style=\"><img decoding=\"async\" loading=\"lazy\" class=\"alignleft size-full wp-image-40\" src=\"http:\/\/www.zsanametal.com\/wp-content\/uploads\/2018\/10\/2020.png\" alt=\"\" width=\"234\" height=\"162\" \/><br \/>\n<\/a><strong>Kapacit\u00e1sb\u0151v\u00edt\u0151 beruh\u00e1z\u00e1s a Zsana-Met\u00e1l Kft.-n\u00e9l<\/strong><br \/>\n<a href=\"http:\/\/www.zsanametal.com\/index.php\/ginop_plusz-1-2-1-21-2021-04352\/\" target=\"_blank\" rel=\"noopener\">GINOP_PLUSZ-1.2.1-21-2021-04352<\/a><\/p>\n<\/div>\n<p><iframe style=\"width: 0px; height: 0px; border: none;\" name=\"sub\" width=\"0\" height=\"0\"><\/iframe><\/p>\n","protected":false},"excerpt":{"rendered":"<p>Kedvezm\u00e9nyezett neve:&nbsp; &nbsp; &nbsp; &nbsp; &nbsp; &nbsp; &nbsp; &nbsp; &nbsp; [&hellip;]<\/p>\n","protected":false},"author":1,"featured_media":0,"parent":0,"menu_order":0,"comment_status":"closed","ping_status":"closed","template":"","meta":{"footnotes":""},"_links":{"self":[{"href":"http:\/\/www.zsanametal.com\/index.php\/wp-json\/wp\/v2\/pages\/80"}],"collection":[{"href":"http:\/\/www.zsanametal.com\/index.php\/wp-json\/wp\/v2\/pages"}],"about":[{"href":"http:\/\/www.zsanametal.com\/index.php\/wp-json\/wp\/v2\/types\/page"}],"author":[{"embeddable":true,"href":"http:\/\/www.zsanametal.com\/index.php\/wp-json\/wp\/v2\/users\/1"}],"replies":[{"embeddable":true,"href":"http:\/\/www.zsanametal.com\/index.php\/wp-json\/wp\/v2\/comments?post=80"}],"version-history":[{"count":6,"href":"http:\/\/www.zsanametal.com\/index.php\/wp-json\/wp\/v2\/pages\/80\/revisions"}],"predecessor-version":[{"id":207,"href":"http:\/\/www.zsanametal.com\/index.php\/wp-json\/wp\/v2\/pages\/80\/revisions\/207"}],"wp:attachment":[{"href":"http:\/\/www.zsanametal.com\/index.php\/wp-json\/wp\/v2\/media?parent=80"}],"curies":[{"name":"wp","href":"https:\/\/api.w.org\/{rel}","templated":true}]}}